{"id":407,"date":"2016-11-04T15:16:28","date_gmt":"2016-11-04T13:16:28","guid":{"rendered":"https:\/\/academysantaclaus.com\/ca\/?page_id=407"},"modified":"2016-11-16T18:35:19","modified_gmt":"2016-11-16T16:35:19","slug":"ideari","status":"publish","type":"page","link":"https:\/\/academysantaclaus.com\/ca\/ideari\/","title":{"rendered":"Ideari"},"content":{"rendered":"\n<style type=\"text\/css\" data-created_by=\"avia_inline_auto\" id=\"style-css-av-av_heading-0536c6ec0a924d94225df266c50852ec\">\n#top .av-special-heading.av-av_heading-0536c6ec0a924d94225df266c50852ec{\npadding-bottom:10px;\n}\nbody .av-special-heading.av-av_heading-0536c6ec0a924d94225df266c50852ec .av-special-heading-tag .heading-char{\nfont-size:25px;\n}\n.av-special-heading.av-av_heading-0536c6ec0a924d94225df266c50852ec .av-subheading{\nfont-size:15px;\n}\n<\/style>\n<div  class='av-special-heading av-av_heading-0536c6ec0a924d94225df266c50852ec av-special-heading-h1  avia-builder-el-0  el_before_av_one_half  avia-builder-el-first '><h1 class='av-special-heading-tag'  itemprop=\"headline\"  >Ideari<\/h1><div class=\"special-heading-border\"><div class=\"special-heading-inner-border\"><\/div><\/div><\/div>\n\n<style type=\"text\/css\" data-created_by=\"avia_inline_auto\" id=\"style-css-av-av_one_half-9497bbf8bff73ea4c6992cc17fa9ec36\">\n.flex_column.av-av_one_half-9497bbf8bff73ea4c6992cc17fa9ec36{\n-webkit-border-radius:0px 0px 0px 0px;\n-moz-border-radius:0px 0px 0px 0px;\nborder-radius:0px 0px 0px 0px;\npadding:0px 0px 0px 0px;\n}\n<\/style>\n<div  class='flex_column av-av_one_half-9497bbf8bff73ea4c6992cc17fa9ec36 av_one_half  avia-builder-el-1  el_after_av_heading  el_before_av_two_fifth  first flex_column_div av-zero-column-padding  '     ><section  class='av_textblock_section av-av_textblock-0366cc7376be6c9e82a3e9cc8987b64f '   itemscope=\"itemscope\" itemtype=\"https:\/\/schema.org\/CreativeWork\" ><div class='avia_textblock'  itemprop=\"text\" ><p>English\u00a0Academy\u00a0Santa\u00a0Claus \u00e9s una escola familiar i privada basada en una educaci\u00f3 personalitzada.<\/p>\n<p>La qualitat de l\u2019ensenyament \u00e9s superior i l\u2019atenci\u00f3 \u00e9s individualitzada. A\u00a0English Academy Santa Claus fem un seguiment personalitzat de l\u2019evoluci\u00f3 de cada alumne, vetllant pel seu desenvolupament\u00a0 en el \u00a0pla personal i acad\u00e8mic.<\/p>\n<p>El nostre objectiu \u00e9s ajudar als nens i nenes a convertir-se en joves emprenedors i aut\u00f2noms donant-los suport per a poder superar els obstacles i a treure el m\u00e0xim d\u2019ells\u00a0 mateixos segons les seves habilitats i prefer\u00e8ncies.<\/p>\n<p>Treballem per a qu\u00e8 cada alumne descobreixi els seus punts forts i aprengui a afrontar els reptes futurs amb una base s\u00f2lida, amb independ\u00e8ncia dels camins que esculli.<\/p>\n<p>Cimentem i reforcem valors com el respecte, la comprensi\u00f3 cap a la resta i l\u2019harmonia amb l\u2019entorn. Donem molta import\u00e0ncia al tracte personal entre l\u2019alumnat i el professorat, aix\u00ed com tamb\u00e9 a la conviv\u00e8ncia entre els propis alumnes. Som un col\u00b7legi rigor\u00f3s, on la consci\u00e8ncia dels l\u00edmits i el respecte al pr\u00f2xim i les bones maneres, l\u2019educaci\u00f3 s\u00f3n valors important\u00edssims.<\/p>\n<p>Al llarg de 50 anys, ens hem anat adaptant als nous reptes socials, ambientals i tecnol\u00f2gics de manera tranquil.la i meditada. Aix\u00f2 ho hem dut a terme des de totes les perspectives, tant les acad\u00e8miques com les socials, aix\u00ed com les cognitives i les emocionals. Incorporem noves metodologies amb noves eines pedag\u00f2giques i programes acad\u00e8mics.<\/p>\n<p>Mantenim des de sempre un enfocament de l\u2019ensenyament com quelcom m\u00e9s pr\u00e0ctic, actiu i experimental, sense abandonar la base te\u00f2rica, el rigor acad\u00e8mic i la consolidaci\u00f3 dels aprenentatges.<\/p>\n<\/div><\/section><\/div>\n\n<style type=\"text\/css\" data-created_by=\"avia_inline_auto\" id=\"style-css-av-av_two_fifth-9c1d454dc06f7247226bc4e8f931daae\">\n.flex_column.av-av_two_fifth-9c1d454dc06f7247226bc4e8f931daae{\n-webkit-border-radius:0px 0px 0px 0px;\n-moz-border-radius:0px 0px 0px 0px;\nborder-radius:0px 0px 0px 0px;\npadding:0px 0px 0px 0px;\n}\n<\/style>\n<div  class='flex_column av-av_two_fifth-9c1d454dc06f7247226bc4e8f931daae av_two_fifth  avia-builder-el-3  el_after_av_one_half  el_before_av_one_half  flex_column_div av-zero-column-padding  '     ><p>\n<style type=\"text\/css\" data-created_by=\"avia_inline_auto\" id=\"style-css-av-av_image-0c0a7af59885405c6bef10bb22295d5b\">\n.avia-image-container.av-av_image-0c0a7af59885405c6bef10bb22295d5b img.avia_image{\nbox-shadow:none;\n}\n.avia-image-container.av-av_image-0c0a7af59885405c6bef10bb22295d5b .av-image-caption-overlay-center{\ncolor:#ffffff;\n}\n<\/style>\n<div  class='avia-image-container av-av_image-0c0a7af59885405c6bef10bb22295d5b av-styling- avia-align-center  avia-builder-el-4  el_before_av_image  avia-builder-el-first '   itemprop=\"image\" itemscope=\"itemscope\" itemtype=\"https:\/\/schema.org\/ImageObject\" ><div class=\"avia-image-container-inner\"><div class=\"avia-image-overlay-wrap\"><img decoding=\"async\" class='wp-image-437 avia-img-lazy-loading-not-437 avia_image ' src=\"https:\/\/academysantaclaus.com\/wp-content\/uploads\/2016\/09\/santa-claus-dibujos.jpg\" alt='' title=''  height=\"400\" width=\"600\"  itemprop=\"thumbnailUrl\" srcset=\"https:\/\/academysantaclaus.com\/wp-content\/uploads\/2016\/09\/santa-claus-dibujos.jpg 600w, https:\/\/academysantaclaus.com\/wp-content\/uploads\/2016\/09\/santa-claus-dibujos-300x200.jpg 300w, https:\/\/academysantaclaus.com\/wp-content\/uploads\/2016\/09\/santa-claus-dibujos-450x300.jpg 450w\" sizes=\"(max-width: 600px) 100vw, 600px\" \/><\/div><\/div><\/div><br \/>\n\n<style type=\"text\/css\" data-created_by=\"avia_inline_auto\" id=\"style-css-av-av_image-4f5e6bbbc5a4ddc456d93cbc6237e410\">\n.avia-image-container.av-av_image-4f5e6bbbc5a4ddc456d93cbc6237e410 img.avia_image{\nbox-shadow:none;\n}\n.avia-image-container.av-av_image-4f5e6bbbc5a4ddc456d93cbc6237e410 .av-image-caption-overlay-center{\ncolor:#ffffff;\n}\n<\/style>\n<div  class='avia-image-container av-av_image-4f5e6bbbc5a4ddc456d93cbc6237e410 av-styling- avia-align-center  avia-builder-el-5  el_after_av_image  avia-builder-el-last '   itemprop=\"image\" itemscope=\"itemscope\" itemtype=\"https:\/\/schema.org\/ImageObject\" ><div class=\"avia-image-container-inner\"><div class=\"avia-image-overlay-wrap\"><img decoding=\"async\" class='wp-image-1015 avia-img-lazy-loading-not-1015 avia_image ' src=\"https:\/\/academysantaclaus.com\/wp-content\/uploads\/2016\/09\/ayudando_colegiosantaclaus.jpg\" alt='' title='ayudando_colegiosantaclaus'  height=\"683\" width=\"1024\"  itemprop=\"thumbnailUrl\" srcset=\"https:\/\/academysantaclaus.com\/wp-content\/uploads\/2016\/09\/ayudando_colegiosantaclaus.jpg 1024w, https:\/\/academysantaclaus.com\/wp-content\/uploads\/2016\/09\/ayudando_colegiosantaclaus-300x200.jpg 300w, https:\/\/academysantaclaus.com\/wp-content\/uploads\/2016\/09\/ayudando_colegiosantaclaus-768x512.jpg 768w, https:\/\/academysantaclaus.com\/wp-content\/uploads\/2016\/09\/ayudando_colegiosantaclaus-705x470.jpg 705w, https:\/\/academysantaclaus.com\/wp-content\/uploads\/2016\/09\/ayudando_colegiosantaclaus-450x300.jpg 450w\" sizes=\"(max-width: 1024px) 100vw, 1024px\" \/><\/div><\/div><\/div><\/p><\/div>\n<style type=\"text\/css\" data-created_by=\"avia_inline_auto\" id=\"style-css-av-av_one_half-9497bbf8bff73ea4c6992cc17fa9ec36\">\n.flex_column.av-av_one_half-9497bbf8bff73ea4c6992cc17fa9ec36{\n-webkit-border-radius:0px 0px 0px 0px;\n-moz-border-radius:0px 0px 0px 0px;\nborder-radius:0px 0px 0px 0px;\npadding:0px 0px 0px 0px;\n}\n<\/style>\n<div  class='flex_column av-av_one_half-9497bbf8bff73ea4c6992cc17fa9ec36 av_one_half  avia-builder-el-6  el_after_av_two_fifth  el_before_av_one_half  first flex_column_div av-zero-column-padding  '     ><div  class='avia-video av-av_video-78f25a46e6df111eb0dbc1a576167870 avia-video-16-9 av-no-preview-image avia-video-load-always av-lazyload-immediate av-lazyload-video-embed'  itemprop=\"video\" itemtype=\"https:\/\/schema.org\/VideoObject\"  data-original_url='https:\/\/www.youtube.com\/watch?v=zcXWNilJfGM'><script type='text\/html' class='av-video-tmpl'><div class='avia-iframe-wrap'><iframe width=\"1333\" height=\"1000\" src=\"https:\/\/www.youtube.com\/embed\/zcXWNilJfGM?feature=oembed&autoplay=0&loop=0&controls=1&mute=0\" frameborder=\"0\" allowfullscreen><\/iframe><\/div><\/script><div class='av-click-to-play-overlay'><div class=\"avia_playpause_icon\"><\/div><\/div><\/div><\/div><\/p>\n\n<style type=\"text\/css\" data-created_by=\"avia_inline_auto\" id=\"style-css-av-av_one_half-9c1d454dc06f7247226bc4e8f931daae\">\n.flex_column.av-av_one_half-9c1d454dc06f7247226bc4e8f931daae{\n-webkit-border-radius:0px 0px 0px 0px;\n-moz-border-radius:0px 0px 0px 0px;\nborder-radius:0px 0px 0px 0px;\npadding:0px 0px 0px 0px;\n}\n<\/style>\n<div  class='flex_column av-av_one_half-9c1d454dc06f7247226bc4e8f931daae av_one_half  avia-builder-el-8  el_after_av_one_half  avia-builder-el-last  flex_column_div av-zero-column-padding  '     ><p><section  class='av_textblock_section av-av_textblock-0366cc7376be6c9e82a3e9cc8987b64f '   itemscope=\"itemscope\" itemtype=\"https:\/\/schema.org\/CreativeWork\" ><div class='avia_textblock'  itemprop=\"text\" ><p>A \u00a0English\u00a0Academy\u00a0Santa\u00a0Claus es viu en un entorn que acull tradici\u00f3 i creativitat.<\/p>\n<p>Donem molta import\u00e0ncia a l\u2019art, la pl\u00e0stica, al teatre i a la paraula com a vies d\u2019expressi\u00f3 i per aix\u00f2 es treballa des de l\u2019inici. Mantenim que \u00e9s important fomentar en els nens i nenes la creativitat, la curiositat i la il\u00b7lusi\u00f3 per les coses como valors de futur. No nom\u00e9s ensenyem sin\u00f3 que eduquem.<\/p>\n<p>Potenciem la import\u00e0ncia de l\u2019individu pel grup i viceversa, cultivant l\u2019empatia i el treball en equip.<\/p>\n<p>El nostre m\u00e8tode de treball \u00e9s s\u00f2lid perqu\u00e8 ajuda als nostres alumnes a ser organitzats i disciplinats, tant a l\u2019\u00e0mbit personal com en el seu futur professional.<\/p>\n<p>Afavorim que els nens i nenes de English\u00a0Academy\u00a0Santa\u00a0Claus floreixin f\u00edsicament, emocionalment, creativament i cognitivament ja que tenim molt present que l\u2019educaci\u00f3 \u00e9s un actiu que no es devalua mai.<\/p>\n<p>Tot aix\u00f2, a trav\u00e9s d\u2019una f\u00f3rmula accessible i assequible per a les fam\u00edlies.<\/p>\n<\/div><\/section><br \/>\n\n<style type=\"text\/css\" data-created_by=\"avia_inline_auto\" id=\"style-css-av-av_hr-5ea7596238ed9f191e6b5e662093052f\">\n#top .hr.hr-invisible.av-av_hr-5ea7596238ed9f191e6b5e662093052f{\nheight:30px;\n}\n<\/style>\n<div  class='hr av-av_hr-5ea7596238ed9f191e6b5e662093052f hr-invisible  avia-builder-el-10  el_after_av_textblock  el_before_av_button '><span class='hr-inner '><span class=\"hr-inner-style\"><\/span><\/span><\/div><br \/>\n<div  class='avia-button-wrap av-av_button-a064a07a8e78fdf6c50d453277140fbc-wrap avia-button-center  avia-builder-el-11  el_after_av_hr  avia-builder-el-last '><a href='https:\/\/academysantaclaus.com\/ca\/carta-la-fundadora\/'  class='avia-button av-av_button-a064a07a8e78fdf6c50d453277140fbc avia-icon_select-no avia-size-large avia-position-center avia-color-theme-color'  ><span class='avia_iconbox_title' >Carta de la fundadora<\/span><\/a><\/div><\/p><\/div>\n","protected":false},"excerpt":{"rendered":"","protected":false},"author":1,"featured_media":0,"parent":0,"menu_order":120,"comment_status":"closed","ping_status":"closed","template":"","meta":[],"_links":{"self":[{"href":"https:\/\/academysantaclaus.com\/ca\/wp-json\/wp\/v2\/pages\/407"}],"collection":[{"href":"https:\/\/academysantaclaus.com\/ca\/wp-json\/wp\/v2\/pages"}],"about":[{"href":"https:\/\/academysantaclaus.com\/ca\/wp-json\/wp\/v2\/types\/page"}],"author":[{"embeddable":true,"href":"https:\/\/academysantaclaus.com\/ca\/wp-json\/wp\/v2\/users\/1"}],"replies":[{"embeddable":true,"href":"https:\/\/academysantaclaus.com\/ca\/wp-json\/wp\/v2\/comments?post=407"}],"version-history":[{"count":6,"href":"https:\/\/academysantaclaus.com\/ca\/wp-json\/wp\/v2\/pages\/407\/revisions"}],"predecessor-version":[{"id":1017,"href":"https:\/\/academysantaclaus.com\/ca\/wp-json\/wp\/v2\/pages\/407\/revisions\/1017"}],"wp:attachment":[{"href":"https:\/\/academysantaclaus.com\/ca\/wp-json\/wp\/v2\/media?parent=407"}],"curies":[{"name":"wp","href":"https:\/\/api.w.org\/{rel}","templated":true}]}}