{"id":408,"date":"2016-11-04T15:16:44","date_gmt":"2016-11-04T13:16:44","guid":{"rendered":"https:\/\/academysantaclaus.com\/ca\/?page_id=408"},"modified":"2016-11-07T10:30:39","modified_gmt":"2016-11-07T08:30:39","slug":"carta-la-fundadora","status":"publish","type":"page","link":"https:\/\/academysantaclaus.com\/ca\/carta-la-fundadora\/","title":{"rendered":"Carta de la fundadora"},"content":{"rendered":"\n<style type=\"text\/css\" data-created_by=\"avia_inline_auto\" id=\"style-css-av-av_heading-3461c44ed737734ddacfe649d1c024b3\">\n#top .av-special-heading.av-av_heading-3461c44ed737734ddacfe649d1c024b3{\npadding-bottom:10px;\n}\nbody .av-special-heading.av-av_heading-3461c44ed737734ddacfe649d1c024b3 .av-special-heading-tag .heading-char{\nfont-size:25px;\n}\n.av-special-heading.av-av_heading-3461c44ed737734ddacfe649d1c024b3 .av-subheading{\nfont-size:15px;\n}\n<\/style>\n<div  class='av-special-heading av-av_heading-3461c44ed737734ddacfe649d1c024b3 av-special-heading-h1  avia-builder-el-0  el_before_av_heading  avia-builder-el-first '><h1 class='av-special-heading-tag'  itemprop=\"headline\"  >Carta de la fundadora<\/h1><div class=\"special-heading-border\"><div class=\"special-heading-inner-border\"><\/div><\/div><\/div>\n\n<style type=\"text\/css\" data-created_by=\"avia_inline_auto\" id=\"style-css-av-av_heading-1f5ad71697d7bac208af66358d39f743\">\n#top .av-special-heading.av-av_heading-1f5ad71697d7bac208af66358d39f743{\npadding-bottom:10px;\n}\nbody .av-special-heading.av-av_heading-1f5ad71697d7bac208af66358d39f743 .av-special-heading-tag .heading-char{\nfont-size:25px;\n}\n.av-special-heading.av-av_heading-1f5ad71697d7bac208af66358d39f743 .av-subheading{\nfont-size:15px;\n}\n<\/style>\n<div  class='av-special-heading av-av_heading-1f5ad71697d7bac208af66358d39f743 av-special-heading-h2  avia-builder-el-1  el_after_av_heading  el_before_av_three_fifth '><h2 class='av-special-heading-tag'  itemprop=\"headline\"  >Benvinguts a English Academy Santa Claus!<\/h2><div class=\"special-heading-border\"><div class=\"special-heading-inner-border\"><\/div><\/div><\/div>\n\n<style type=\"text\/css\" data-created_by=\"avia_inline_auto\" id=\"style-css-av-av_three_fifth-9497bbf8bff73ea4c6992cc17fa9ec36\">\n.flex_column.av-av_three_fifth-9497bbf8bff73ea4c6992cc17fa9ec36{\n-webkit-border-radius:0px 0px 0px 0px;\n-moz-border-radius:0px 0px 0px 0px;\nborder-radius:0px 0px 0px 0px;\npadding:0px 0px 0px 0px;\n}\n<\/style>\n<div  class='flex_column av-av_three_fifth-9497bbf8bff73ea4c6992cc17fa9ec36 av_three_fifth  avia-builder-el-2  el_after_av_heading  el_before_av_two_fifth  first flex_column_div av-zero-column-padding  '     ><p><section  class='av_textblock_section av-av_textblock-0366cc7376be6c9e82a3e9cc8987b64f '   itemscope=\"itemscope\" itemtype=\"https:\/\/schema.org\/CreativeWork\" ><div class='avia_textblock'  itemprop=\"text\" ><p>A l\u2019any 1965, lluny del meu pa\u00eds natal, vaig voler donar a les meves tres filles una educaci\u00f3 el m\u00e9s pr\u00f2xima a un sistema angl\u00e8s i vaig fundar l\u2019escola amb un profund car\u00e0cter familiar i brit\u00e0nic. Tot aix\u00f2 amb la premissa de qu\u00e8 durant els anys d\u2019Educaci\u00f3 Infantil es dugu\u00e9s a terme una immersi\u00f3 total en la llengua anglesa per despr\u00e9s, a Educaci\u00f3 Prim\u00e0ria i amb el curr\u00edculum establert, a m\u00e9s a m\u00e9s de mantenir un bon nivell d\u2019angl\u00e8s, s\u2019enseny\u00e9s tant el castell\u00e0 com el catal\u00e0.<\/p>\n<p>Els tres primers anys els vam passar a una caseta al carrer Iradier i despr\u00e9s, amb m\u00e9s alumnes, ens vam traslladar a l\u2019actual edifici al carrer Lle\u00f3 XIII; casualment va ser el Papa Lle\u00f3 XIII qui va impulsar l\u2019educaci\u00f3 general, aix\u00ed que no podia ser millor ubicaci\u00f3 per a l\u2019escola.<\/p>\n<p>Tal \u00e9s el car\u00e0cter familiar del col\u00b7legi des dels seus inicis que en l\u2019elecci\u00f3 del nom vam participar diversos membres de la meva fam\u00edlia. Sant Nicol\u00e0s (Santa Claus) com patr\u00f3 dels nens ens va semblar una opci\u00f3 id\u00f2nia pel nom de l\u2019escola. English Academy responia a la nostra alta especialitzaci\u00f3 en la llengua anglesa.<\/p>\n<p>Durant el primer festival de Nadal, Santa Claus va arribar a l\u2019escola en un carruatge condu\u00eft per un cavall blanc, llavors encara era perm\u00e8s; amb el seu sac carregat de contes per a tots els alumnes. Encara avui, mig segle despr\u00e9s, fidel a la seva cita anual, segueix il\u00b7luminant de la mateixa manera les cares dels m\u00e9s petits i del personal de English Academy Santa Claus.<\/p>\n<p>El principal objectiu \u00e9s l\u2019ensenyament en angl\u00e8s, per\u00f2 sense oblidar disciplines com l\u2019art, la m\u00fasica, el teatre i les ci\u00e8ncies. Igualment prestant especial atenci\u00f3 als nostres valors com s\u00f3n l\u2019honestedat, la solidaritat, la comprensi\u00f3, el respecte per la resta, l\u2019esfor\u00e7 i la disciplina.<\/p>\n<p>A l\u2019etapa d\u2019Educaci\u00f3 Infantil i com a part del m\u00e8tode d\u2019ensenyament del col\u00b7legi, em va semblar important que els professors fomentessin en els nens el valor de les rutines, l\u2019escolta activa, el bon comportament, la comprensi\u00f3 i el perd\u00f3.<\/p>\n<p>Tots \u00a0aquests valors units a l\u2019aprenentatge d\u2019idiomes i als est\u00edmuls escolars des d\u2019una edat primerenca, no nom\u00e9s ajuda al desenvolupament cerebral sin\u00f3 que tamb\u00e9 \u00e9s un vehicle per accedir amb \u00e8xit a altres formacions acad\u00e8miques, al m\u00f3n laboral, a la vida en general i a la comprensi\u00f3 de l\u2019entorno i de les persones.<\/p>\n<p>En les visites que fem anualment al Regne Unit, els alumnes tenen l\u2019oportunitat de posar en pr\u00e0ctica el que han apr\u00e8s en un entorn i en una cultura diferent.<\/p>\n<p>Molts dels nostres ex alumnes comparteixen amb mi i amb els alumnes els seus \u00e8xits als diferents camps que han elegit. Aix\u00f2 em fa sentir molt feli\u00e7 i orgullosa!<\/p>\n<p>De la mateixa manera, \u00e9s una satisfacci\u00f3 per a mi i per a tot l\u2019equip de English Academy Santa Claus constatar que els alumnes s\u00f3n nens i nens feli\u00e7os quan estan a l\u2019escola.<\/p>\n<p>Benvinguts a English\u00a0Academy\u00a0Santa\u00a0Claus!<\/p>\n<\/div><\/section><br \/>\n\n<style type=\"text\/css\" data-created_by=\"avia_inline_auto\" id=\"style-css-av-av_image-e05be0cd0284897b99021b3b82729054\">\n.avia-image-container.av-av_image-e05be0cd0284897b99021b3b82729054 img.avia_image{\nbox-shadow:none;\n}\n.avia-image-container.av-av_image-e05be0cd0284897b99021b3b82729054 .av-image-caption-overlay-center{\ncolor:#ffffff;\n}\n<\/style>\n<div  class='avia-image-container av-av_image-e05be0cd0284897b99021b3b82729054 av-styling- avia-align-center  avia-builder-el-4  el_after_av_textblock  el_before_av_textblock '   itemprop=\"image\" itemscope=\"itemscope\" itemtype=\"https:\/\/schema.org\/ImageObject\" ><div class=\"avia-image-container-inner\"><div class=\"avia-image-overlay-wrap\"><img decoding=\"async\" class='wp-image-441 avia-img-lazy-loading-not-441 avia_image ' src=\"https:\/\/academysantaclaus.com\/wp-content\/uploads\/2016\/09\/firma-granny-300x142.png\" alt='' title=''  height=\"142\" width=\"300\"  itemprop=\"thumbnailUrl\" srcset=\"https:\/\/academysantaclaus.com\/wp-content\/uploads\/2016\/09\/firma-granny-300x142.png 300w, https:\/\/academysantaclaus.com\/wp-content\/uploads\/2016\/09\/firma-granny-450x213.png 450w, https:\/\/academysantaclaus.com\/wp-content\/uploads\/2016\/09\/firma-granny.png 654w\" sizes=\"(max-width: 300px) 100vw, 300px\" \/><\/div><\/div><\/div><br \/>\n<section  class='av_textblock_section av-av_textblock-0366cc7376be6c9e82a3e9cc8987b64f '   itemscope=\"itemscope\" itemtype=\"https:\/\/schema.org\/CreativeWork\" ><div class='avia_textblock'  itemprop=\"text\" ><p style=\"text-align: center;\">Barcelona, juny 2015<\/p>\n<\/div><\/section><br \/>\n\n<style type=\"text\/css\" data-created_by=\"avia_inline_auto\" id=\"style-css-av-av_hr-5ea7596238ed9f191e6b5e662093052f\">\n#top .hr.hr-invisible.av-av_hr-5ea7596238ed9f191e6b5e662093052f{\nheight:30px;\n}\n<\/style>\n<div  class='hr av-av_hr-5ea7596238ed9f191e6b5e662093052f hr-invisible  avia-builder-el-6  el_after_av_textblock  el_before_av_button '><span class='hr-inner '><span class=\"hr-inner-style\"><\/span><\/span><\/div><br \/>\n<div  class='avia-button-wrap av-av_button-9d45f7087986b9c121ddd418198aa47e-wrap avia-button-center  avia-builder-el-7  el_after_av_hr  avia-builder-el-last '><a href='https:\/\/academysantaclaus.com\/ca\/projecte-educatiu\/'  class='avia-button av-av_button-9d45f7087986b9c121ddd418198aa47e avia-icon_select-no avia-size-large avia-position-center avia-color-theme-color'  ><span class='avia_iconbox_title' >Projecte educatiu<\/span><\/a><\/div><\/p><\/div>\n<style type=\"text\/css\" data-created_by=\"avia_inline_auto\" id=\"style-css-av-av_two_fifth-9c1d454dc06f7247226bc4e8f931daae\">\n.flex_column.av-av_two_fifth-9c1d454dc06f7247226bc4e8f931daae{\n-webkit-border-radius:0px 0px 0px 0px;\n-moz-border-radius:0px 0px 0px 0px;\nborder-radius:0px 0px 0px 0px;\npadding:0px 0px 0px 0px;\n}\n<\/style>\n<div  class='flex_column av-av_two_fifth-9c1d454dc06f7247226bc4e8f931daae av_two_fifth  avia-builder-el-8  el_after_av_three_fifth  avia-builder-el-last  flex_column_div av-zero-column-padding  '     ><p>\n<style type=\"text\/css\" data-created_by=\"avia_inline_auto\" id=\"style-css-av-av_image-c6c057305aec4f76b1ab2827482044f3\">\n.avia-image-container.av-av_image-c6c057305aec4f76b1ab2827482044f3 img.avia_image{\nbox-shadow:none;\n}\n.avia-image-container.av-av_image-c6c057305aec4f76b1ab2827482044f3 .av-image-caption-overlay-center{\ncolor:#ffffff;\n}\n<\/style>\n<div  class='avia-image-container av-av_image-c6c057305aec4f76b1ab2827482044f3 av-styling- avia-align-center  avia-builder-el-9  el_before_av_image  avia-builder-el-first '   itemprop=\"image\" itemscope=\"itemscope\" itemtype=\"https:\/\/schema.org\/ImageObject\" ><div class=\"avia-image-container-inner\"><div class=\"avia-image-overlay-wrap\"><img decoding=\"async\" class='wp-image-440 avia-img-lazy-loading-not-440 avia_image ' src=\"https:\/\/academysantaclaus.com\/wp-content\/uploads\/2016\/09\/foto-fundadora.jpg\" alt='' title=''  height=\"1280\" width=\"1280\"  itemprop=\"thumbnailUrl\" srcset=\"https:\/\/academysantaclaus.com\/wp-content\/uploads\/2016\/09\/foto-fundadora.jpg 1280w, https:\/\/academysantaclaus.com\/wp-content\/uploads\/2016\/09\/foto-fundadora-80x80.jpg 80w, https:\/\/academysantaclaus.com\/wp-content\/uploads\/2016\/09\/foto-fundadora-300x300.jpg 300w, https:\/\/academysantaclaus.com\/wp-content\/uploads\/2016\/09\/foto-fundadora-768x768.jpg 768w, https:\/\/academysantaclaus.com\/wp-content\/uploads\/2016\/09\/foto-fundadora-1030x1030.jpg 1030w, https:\/\/academysantaclaus.com\/wp-content\/uploads\/2016\/09\/foto-fundadora-36x36.jpg 36w, https:\/\/academysantaclaus.com\/wp-content\/uploads\/2016\/09\/foto-fundadora-180x180.jpg 180w, https:\/\/academysantaclaus.com\/wp-content\/uploads\/2016\/09\/foto-fundadora-705x705.jpg 705w, https:\/\/academysantaclaus.com\/wp-content\/uploads\/2016\/09\/foto-fundadora-120x120.jpg 120w, https:\/\/academysantaclaus.com\/wp-content\/uploads\/2016\/09\/foto-fundadora-450x450.jpg 450w\" sizes=\"(max-width: 1280px) 100vw, 1280px\" \/><\/div><\/div><\/div><br \/>\n\n<style type=\"text\/css\" data-created_by=\"avia_inline_auto\" id=\"style-css-av-av_image-27041357ac186b0ef68d99af651280de\">\n.avia-image-container.av-av_image-27041357ac186b0ef68d99af651280de img.avia_image{\nbox-shadow:none;\n}\n.avia-image-container.av-av_image-27041357ac186b0ef68d99af651280de .av-image-caption-overlay-center{\ncolor:#ffffff;\n}\n<\/style>\n<div  class='avia-image-container av-av_image-27041357ac186b0ef68d99af651280de av-styling- avia-align-center  avia-builder-el-10  el_after_av_image  avia-builder-el-last '   itemprop=\"image\" itemscope=\"itemscope\" itemtype=\"https:\/\/schema.org\/ImageObject\" ><div class=\"avia-image-container-inner\"><div class=\"avia-image-overlay-wrap\"><img decoding=\"async\" class='wp-image-442 avia-img-lazy-loading-not-442 avia_image ' src=\"https:\/\/academysantaclaus.com\/wp-content\/uploads\/2016\/09\/fotos-fundadora-web.jpeg\" alt='' title=''  height=\"1488\" width=\"1022\"  itemprop=\"thumbnailUrl\" srcset=\"https:\/\/academysantaclaus.com\/wp-content\/uploads\/2016\/09\/fotos-fundadora-web.jpeg 1022w, https:\/\/academysantaclaus.com\/wp-content\/uploads\/2016\/09\/fotos-fundadora-web-206x300.jpeg 206w, https:\/\/academysantaclaus.com\/wp-content\/uploads\/2016\/09\/fotos-fundadora-web-768x1118.jpeg 768w, https:\/\/academysantaclaus.com\/wp-content\/uploads\/2016\/09\/fotos-fundadora-web-707x1030.jpeg 707w, https:\/\/academysantaclaus.com\/wp-content\/uploads\/2016\/09\/fotos-fundadora-web-484x705.jpeg 484w, https:\/\/academysantaclaus.com\/wp-content\/uploads\/2016\/09\/fotos-fundadora-web-450x655.jpeg 450w\" sizes=\"(max-width: 1022px) 100vw, 1022px\" \/><\/div><\/div><\/div><\/p><\/div><\/p>\n","protected":false},"excerpt":{"rendered":"","protected":false},"author":1,"featured_media":0,"parent":0,"menu_order":140,"comment_status":"closed","ping_status":"closed","template":"","meta":[],"_links":{"self":[{"href":"https:\/\/academysantaclaus.com\/ca\/wp-json\/wp\/v2\/pages\/408"}],"collection":[{"href":"https:\/\/academysantaclaus.com\/ca\/wp-json\/wp\/v2\/pages"}],"about":[{"href":"https:\/\/academysantaclaus.com\/ca\/wp-json\/wp\/v2\/types\/page"}],"author":[{"embeddable":true,"href":"https:\/\/academysantaclaus.com\/ca\/wp-json\/wp\/v2\/users\/1"}],"replies":[{"embeddable":true,"href":"https:\/\/academysantaclaus.com\/ca\/wp-json\/wp\/v2\/comments?post=408"}],"version-history":[{"count":3,"href":"https:\/\/academysantaclaus.com\/ca\/wp-json\/wp\/v2\/pages\/408\/revisions"}],"predecessor-version":[{"id":711,"href":"https:\/\/academysantaclaus.com\/ca\/wp-json\/wp\/v2\/pages\/408\/revisions\/711"}],"wp:attachment":[{"href":"https:\/\/academysantaclaus.com\/ca\/wp-json\/wp\/v2\/media?parent=408"}],"curies":[{"name":"wp","href":"https:\/\/api.w.org\/{rel}","templated":true}]}}