{"id":410,"date":"2016-11-04T15:17:02","date_gmt":"2016-11-04T13:17:02","guid":{"rendered":"https:\/\/academysantaclaus.com\/ca\/?page_id=410"},"modified":"2016-11-16T18:39:07","modified_gmt":"2016-11-16T16:39:07","slug":"educacio-infantil","status":"publish","type":"page","link":"https:\/\/academysantaclaus.com\/ca\/educacio-infantil\/","title":{"rendered":"Educaci\u00f3 Infantil"},"content":{"rendered":"\n<style type=\"text\/css\" data-created_by=\"avia_inline_auto\" id=\"style-css-av-av_heading-e7cd55440c449b87c789800b64cbac48\">\n#top .av-special-heading.av-av_heading-e7cd55440c449b87c789800b64cbac48{\npadding-bottom:10px;\n}\nbody .av-special-heading.av-av_heading-e7cd55440c449b87c789800b64cbac48 .av-special-heading-tag .heading-char{\nfont-size:25px;\n}\n.av-special-heading.av-av_heading-e7cd55440c449b87c789800b64cbac48 .av-subheading{\nfont-size:15px;\n}\n<\/style>\n<div  class='av-special-heading av-av_heading-e7cd55440c449b87c789800b64cbac48 av-special-heading-h1  avia-builder-el-0  el_before_av_hr  avia-builder-el-first '><h1 class='av-special-heading-tag'  itemprop=\"headline\"  >Educaci\u00f3 Infantil<\/h1><div class=\"special-heading-border\"><div class=\"special-heading-inner-border\"><\/div><\/div><\/div>\n\n<style type=\"text\/css\" data-created_by=\"avia_inline_auto\" id=\"style-css-av-av_hr-a6de236e6c183bbbd700292deacd2b52\">\n#top .hr.hr-invisible.av-av_hr-a6de236e6c183bbbd700292deacd2b52{\nheight:20px;\n}\n<\/style>\n<div  class='hr av-av_hr-a6de236e6c183bbbd700292deacd2b52 hr-invisible  avia-builder-el-1  el_after_av_heading  el_before_av_heading '><span class='hr-inner '><span class=\"hr-inner-style\"><\/span><\/span><\/div>\n\n<style type=\"text\/css\" data-created_by=\"avia_inline_auto\" id=\"style-css-av-av_heading-eb0732d745f8e621bba633d44b3d4580\">\n#top .av-special-heading.av-av_heading-eb0732d745f8e621bba633d44b3d4580{\npadding-bottom:10px;\n}\nbody .av-special-heading.av-av_heading-eb0732d745f8e621bba633d44b3d4580 .av-special-heading-tag .heading-char{\nfont-size:25px;\n}\n.av-special-heading.av-av_heading-eb0732d745f8e621bba633d44b3d4580 .av-subheading{\nfont-size:15px;\n}\n<\/style>\n<div  class='av-special-heading av-av_heading-eb0732d745f8e621bba633d44b3d4580 av-special-heading-h2 blockquote modern-quote  avia-builder-el-2  el_after_av_hr  el_before_av_one_half '><h2 class='av-special-heading-tag'  itemprop=\"headline\"  >Reception (P3), Kindergarten (P4) i Preparatory (P5)<\/h2><div class=\"special-heading-border\"><div class=\"special-heading-inner-border\"><\/div><\/div><\/div>\n\n<style type=\"text\/css\" data-created_by=\"avia_inline_auto\" id=\"style-css-av-av_one_half-9497bbf8bff73ea4c6992cc17fa9ec36\">\n.flex_column.av-av_one_half-9497bbf8bff73ea4c6992cc17fa9ec36{\n-webkit-border-radius:0px 0px 0px 0px;\n-moz-border-radius:0px 0px 0px 0px;\nborder-radius:0px 0px 0px 0px;\npadding:0px 0px 0px 0px;\n}\n<\/style>\n<div  class='flex_column av-av_one_half-9497bbf8bff73ea4c6992cc17fa9ec36 av_one_half  avia-builder-el-3  el_after_av_heading  el_before_av_one_half  first flex_column_div av-zero-column-padding  '     ><section  class='av_textblock_section av-av_textblock-0366cc7376be6c9e82a3e9cc8987b64f '   itemscope=\"itemscope\" itemtype=\"https:\/\/schema.org\/CreativeWork\" ><div class='avia_textblock'  itemprop=\"text\" ><p style=\"text-align: left;\"><u>UNA IMMERSI\u00d3 TOTAL EN LA LLENGUA ANGLESA<\/u><\/p>\n<p>Els nens i nenes de 3 a 6 anys es comuniquen i s\u2019expressen en angl\u00e8s a trav\u00e9s d\u2019activitats acad\u00e8miques i l\u00fadica en un entorno relaxat. Es posen les bases per als seus futurs aprenentatges. Tot el material did\u00e0ctic est\u00e0 basat en el tipus d\u2019ensenyament que es duu a terme a Gran Bretanya i s\u2019adquireix all\u00e0.<\/p>\n<p style=\"text-align: left;\"><u>UN AMBIENT D\u2019APRENENTATGE ESTIMULANT<\/u><\/p>\n<p>Els alumnes creixen, exploren, juguen i aprenen en un entorn segur, ple de reptes que els permet desenvolupar la seva curiositat natural i espont\u00e0nia.<\/p>\n<p style=\"text-align: left;\"><u>UNA EDUCACI\u00d3 PERSONALITZADA<\/u><\/p>\n<p>A trav\u00e9s d\u2019un <strong>seguiment individualitzat<\/strong> en el proc\u00e9s evolutiu de cada alumne\/a i respectant els diferents ritmes maduratius individuals afavorim la seva\u00a0 formaci\u00f3 integral.<\/p>\n<\/div><\/section><\/div>\n\n<style type=\"text\/css\" data-created_by=\"avia_inline_auto\" id=\"style-css-av-av_one_half-9c1d454dc06f7247226bc4e8f931daae\">\n.flex_column.av-av_one_half-9c1d454dc06f7247226bc4e8f931daae{\n-webkit-border-radius:0px 0px 0px 0px;\n-moz-border-radius:0px 0px 0px 0px;\nborder-radius:0px 0px 0px 0px;\npadding:0px 0px 0px 0px;\n}\n<\/style>\n<div  class='flex_column av-av_one_half-9c1d454dc06f7247226bc4e8f931daae av_one_half  avia-builder-el-5  el_after_av_one_half  el_before_av_one_half  flex_column_div av-zero-column-padding  '     ><style type=\"text\/css\" data-created_by=\"avia_inline_auto\" id=\"style-css-av-av_image-8b0d72ba4e92f93af09a5fcfaddef2b7\">\n.avia-image-container.av-av_image-8b0d72ba4e92f93af09a5fcfaddef2b7 img.avia_image{\nbox-shadow:none;\n}\n.avia-image-container.av-av_image-8b0d72ba4e92f93af09a5fcfaddef2b7 .av-image-caption-overlay-center{\ncolor:#ffffff;\n}\n<\/style>\n<div  class='avia-image-container av-av_image-8b0d72ba4e92f93af09a5fcfaddef2b7 av-styling- avia-align-center  avia-builder-el-6  avia-builder-el-no-sibling '   itemprop=\"image\" itemscope=\"itemscope\" itemtype=\"https:\/\/schema.org\/ImageObject\" ><div class=\"avia-image-container-inner\"><div class=\"avia-image-overlay-wrap\"><img decoding=\"async\" class='wp-image-448 avia-img-lazy-loading-not-448 avia_image ' src=\"https:\/\/academysantaclaus.com\/wp-content\/uploads\/2016\/09\/academy-santa-claus-w-007.jpg\" alt='' title=''  height=\"682\" width=\"1024\"  itemprop=\"thumbnailUrl\" srcset=\"https:\/\/academysantaclaus.com\/wp-content\/uploads\/2016\/09\/academy-santa-claus-w-007.jpg 1024w, https:\/\/academysantaclaus.com\/wp-content\/uploads\/2016\/09\/academy-santa-claus-w-007-300x200.jpg 300w, https:\/\/academysantaclaus.com\/wp-content\/uploads\/2016\/09\/academy-santa-claus-w-007-768x512.jpg 768w, https:\/\/academysantaclaus.com\/wp-content\/uploads\/2016\/09\/academy-santa-claus-w-007-705x470.jpg 705w, https:\/\/academysantaclaus.com\/wp-content\/uploads\/2016\/09\/academy-santa-claus-w-007-450x300.jpg 450w\" sizes=\"(max-width: 1024px) 100vw, 1024px\" \/><\/div><\/div><\/div><\/div>\n\n<style type=\"text\/css\" data-created_by=\"avia_inline_auto\" id=\"style-css-av-av_one_half-9497bbf8bff73ea4c6992cc17fa9ec36\">\n.flex_column.av-av_one_half-9497bbf8bff73ea4c6992cc17fa9ec36{\n-webkit-border-radius:0px 0px 0px 0px;\n-moz-border-radius:0px 0px 0px 0px;\nborder-radius:0px 0px 0px 0px;\npadding:0px 0px 0px 0px;\n}\n<\/style>\n<div  class='flex_column av-av_one_half-9497bbf8bff73ea4c6992cc17fa9ec36 av_one_half  avia-builder-el-7  el_after_av_one_half  el_before_av_one_half  first flex_column_div av-zero-column-padding  column-top-margin'     ><p>\n<style type=\"text\/css\" data-created_by=\"avia_inline_auto\" id=\"style-css-av-av_image-44923569d948e1b8018034a824d2d764\">\n.avia-image-container.av-av_image-44923569d948e1b8018034a824d2d764 img.avia_image{\nbox-shadow:none;\n}\n.avia-image-container.av-av_image-44923569d948e1b8018034a824d2d764 .av-image-caption-overlay-center{\ncolor:#ffffff;\n}\n<\/style>\n<div  class='avia-image-container av-av_image-44923569d948e1b8018034a824d2d764 av-styling- avia-align-center  avia-builder-el-8  el_before_av_hr  avia-builder-el-first '   itemprop=\"image\" itemscope=\"itemscope\" itemtype=\"https:\/\/schema.org\/ImageObject\" ><div class=\"avia-image-container-inner\"><div class=\"avia-image-overlay-wrap\"><img decoding=\"async\" class='wp-image-450 avia-img-lazy-loading-not-450 avia_image ' src=\"https:\/\/academysantaclaus.com\/wp-content\/uploads\/2016\/09\/academy-santa-claus-056b.jpg\" alt='' title=''  height=\"401\" width=\"600\"  itemprop=\"thumbnailUrl\" srcset=\"https:\/\/academysantaclaus.com\/wp-content\/uploads\/2016\/09\/academy-santa-claus-056b.jpg 600w, https:\/\/academysantaclaus.com\/wp-content\/uploads\/2016\/09\/academy-santa-claus-056b-300x201.jpg 300w, https:\/\/academysantaclaus.com\/wp-content\/uploads\/2016\/09\/academy-santa-claus-056b-450x301.jpg 450w\" sizes=\"(max-width: 600px) 100vw, 600px\" \/><\/div><\/div><\/div><br \/>\n\n<style type=\"text\/css\" data-created_by=\"avia_inline_auto\" id=\"style-css-av-av_hr-5ea7596238ed9f191e6b5e662093052f\">\n#top .hr.hr-invisible.av-av_hr-5ea7596238ed9f191e6b5e662093052f{\nheight:30px;\n}\n<\/style>\n<div  class='hr av-av_hr-5ea7596238ed9f191e6b5e662093052f hr-invisible  avia-builder-el-9  el_after_av_image  el_before_av_image '><span class='hr-inner '><span class=\"hr-inner-style\"><\/span><\/span><\/div><br \/>\n\n<style type=\"text\/css\" data-created_by=\"avia_inline_auto\" id=\"style-css-av-av_image-055b4ac29d45eb0d6a47dffa1168178e\">\n.avia-image-container.av-av_image-055b4ac29d45eb0d6a47dffa1168178e img.avia_image{\nbox-shadow:none;\n}\n.avia-image-container.av-av_image-055b4ac29d45eb0d6a47dffa1168178e .av-image-caption-overlay-center{\ncolor:#ffffff;\n}\n<\/style>\n<div  class='avia-image-container av-av_image-055b4ac29d45eb0d6a47dffa1168178e av-styling- avia-align-center  avia-builder-el-10  el_after_av_hr  avia-builder-el-last '   itemprop=\"image\" itemscope=\"itemscope\" itemtype=\"https:\/\/schema.org\/ImageObject\" ><div class=\"avia-image-container-inner\"><div class=\"avia-image-overlay-wrap\"><img decoding=\"async\" class='wp-image-1023 avia-img-lazy-loading-not-1023 avia_image ' src=\"https:\/\/academysantaclaus.com\/wp-content\/uploads\/2016\/09\/recep_colegiosantaclaus.jpg\" alt='recep_colegiosantaclaus' title=''  height=\"703\" width=\"1024\"  itemprop=\"thumbnailUrl\" srcset=\"https:\/\/academysantaclaus.com\/wp-content\/uploads\/2016\/09\/recep_colegiosantaclaus.jpg 1024w, https:\/\/academysantaclaus.com\/wp-content\/uploads\/2016\/09\/recep_colegiosantaclaus-300x206.jpg 300w, https:\/\/academysantaclaus.com\/wp-content\/uploads\/2016\/09\/recep_colegiosantaclaus-768x527.jpg 768w, https:\/\/academysantaclaus.com\/wp-content\/uploads\/2016\/09\/recep_colegiosantaclaus-705x484.jpg 705w, https:\/\/academysantaclaus.com\/wp-content\/uploads\/2016\/09\/recep_colegiosantaclaus-450x309.jpg 450w\" sizes=\"(max-width: 1024px) 100vw, 1024px\" \/><\/div><\/div><\/div><\/p><\/div>\n<style type=\"text\/css\" data-created_by=\"avia_inline_auto\" id=\"style-css-av-av_one_half-9c1d454dc06f7247226bc4e8f931daae\">\n.flex_column.av-av_one_half-9c1d454dc06f7247226bc4e8f931daae{\n-webkit-border-radius:0px 0px 0px 0px;\n-moz-border-radius:0px 0px 0px 0px;\nborder-radius:0px 0px 0px 0px;\npadding:0px 0px 0px 0px;\n}\n<\/style>\n<div  class='flex_column av-av_one_half-9c1d454dc06f7247226bc4e8f931daae av_one_half  avia-builder-el-11  el_after_av_one_half  avia-builder-el-last  flex_column_div av-zero-column-padding  column-top-margin'     ><p><section  class='av_textblock_section av-av_textblock-0366cc7376be6c9e82a3e9cc8987b64f '   itemscope=\"itemscope\" itemtype=\"https:\/\/schema.org\/CreativeWork\" ><div class='avia_textblock'  itemprop=\"text\" ><p><u>EL NOSTRE PROJECTE EDUCATIU <\/u><\/p>\n<p>A Educaci\u00f3 Infantil es treballa els seg\u00fcents aspectes:<\/p>\n<ul>\n<li><strong>La<\/strong> <strong>maduraci\u00f3 cognitiva<\/strong> estimulada per reptes i experi\u00e8ncies apassionants que se\u2019ls ofereix en un entorn alegre i relaxat mitjan\u00e7ant m\u00e8todes i recursos espec\u00edfics.<\/li>\n<li><strong>El llenguatge<\/strong> es desenvolupa a trav\u00e9s de totes les \u00e0rees curriculars i de la vida di\u00e0ria escolar. S\u2019estimula el nen en l\u2019\u00fas i aprenentatge del llenguatge tant oral como escrit.<\/li>\n<li><strong>L\u2019aproximaci\u00f3 a les<\/strong> <strong>matem\u00e0tiques <\/strong>\u00e9s experimental i manipulativa per ajudar als alumnes a desenvolupar un pensament matem\u00e0tic lligat al m\u00f3n que els envolta per aix\u00ed integrar-les i entendre-les millor. Combinem diversos m\u00e8todes com Unifix , <em>Regletas<\/em> i Numicon.<\/li>\n<li><strong>L\u2019art i la pl\u00e0stica. <\/strong>A partir de l\u2019observaci\u00f3 de l\u2019entorn i l\u2019\u00fas de distintes t\u00e8cniques i materials es facilita als nens i nenes tant el desenvolupament sensorial com el motriu.<\/li>\n<li>A trav\u00e9s de <strong>la<\/strong> <strong>m\u00fasica<\/strong> es treballa el control de la veu i del cos, el ritme, l\u2019atenci\u00f3, la llengua anglesa i la diversi\u00f3 en grup.<\/li>\n<li><strong>La<\/strong> <strong>celebraci\u00f3 de diferents festes i tradicions<\/strong> aproximen a l\u2019alumnat a un coneixement tant de la cultura anglosaxona com la aut\u00f2ctona.<\/li>\n<li>Fent <strong>experiments<\/strong> amb l\u2019aigua i altres materials, observant i verificant els resultats, els nostres alumnes juguen a ser petits cient\u00edfics. Ens basem en el <em>Projecte de Ci\u00e8ncies 6\/12<\/em>.<\/li>\n<li><strong>La<\/strong> <strong>psicomotricitat<\/strong> \u00e9s un aspecte important a aquesta edat. Treballant la coordinaci\u00f3 i la consci\u00e8ncia de l\u2019espai, els nens i les nenes guanyen confian\u00e7a i adquireixen noves habilitats. Tanmateix, es va desenvolupant la capacitat de superaci\u00f3 i el joc en equip.<\/li>\n<li><strong>L\u2019autonomia personal<\/strong> s\u2019estimula des del primer dia cosa que ajudar\u00e0 a anar trobant \u00a0una independ\u00e8ncia i seguretat en un mateix. Aix\u00f2 afavoreix la capacitat de gesti\u00f3 i l\u2019autoestima.<\/li>\n<li><strong>La<\/strong> <strong>intel\u00b7lig\u00e8ncia emocional i els valors<\/strong> en aquesta etapa es treballen aprenent a recon\u00e8ixer i a expressar les pr\u00f2pies emocions, i a recon\u00e8ixer i respectar les emocions de la resta de companys. Tot plegat encaminat a desenvolupar unes habilitats socials, a acceptar les frustracions i a adquirir una bona gesti\u00f3 emocional.<\/li>\n<\/ul>\n<p>Per a poder dur a terme aquest projecte educatiu \u00e9s primordial establir <u>unes normes de conviv\u00e8ncia<\/u> adaptades a les possibilitats de cada edat per\u00f2 reconegudes i respectades per tothom. \u00c9s el marc que ens permet un desenvolupament i uns aprenentatges satisfactoris.<\/p>\n<p><u>La consolidaci\u00f3 dels h\u00e0bits i dels aprenentatges <\/u>d\u2019aquesta etapa permetr\u00e0 estar preparats per a accedir a Educaci\u00f3 Prim\u00e0ria.<\/p>\n<\/div><\/section><br \/>\n\n<style type=\"text\/css\" data-created_by=\"avia_inline_auto\" id=\"style-css-av-av_hr-5ea7596238ed9f191e6b5e662093052f\">\n#top .hr.hr-invisible.av-av_hr-5ea7596238ed9f191e6b5e662093052f{\nheight:30px;\n}\n<\/style>\n<div  class='hr av-av_hr-5ea7596238ed9f191e6b5e662093052f hr-invisible  avia-builder-el-13  el_after_av_textblock  el_before_av_button '><span class='hr-inner '><span class=\"hr-inner-style\"><\/span><\/span><\/div><br \/>\n<div  class='avia-button-wrap av-av_button-91b3038b3485e2e6b985403b9571e8ca-wrap avia-button-center  avia-builder-el-14  el_after_av_hr  avia-builder-el-last '><a href='https:\/\/academysantaclaus.com\/ca\/educacio-primaria\/'  class='avia-button av-av_button-91b3038b3485e2e6b985403b9571e8ca avia-icon_select-no avia-size-large avia-position-center avia-color-theme-color'  ><span class='avia_iconbox_title' >Educaci\u00f3 prim\u00e0ria<\/span><\/a><\/div><\/p><\/div><\/p>\n","protected":false},"excerpt":{"rendered":"","protected":false},"author":1,"featured_media":0,"parent":0,"menu_order":220,"comment_status":"closed","ping_status":"closed","template":"","meta":[],"_links":{"self":[{"href":"https:\/\/academysantaclaus.com\/ca\/wp-json\/wp\/v2\/pages\/410"}],"collection":[{"href":"https:\/\/academysantaclaus.com\/ca\/wp-json\/wp\/v2\/pages"}],"about":[{"href":"https:\/\/academysantaclaus.com\/ca\/wp-json\/wp\/v2\/types\/page"}],"author":[{"embeddable":true,"href":"https:\/\/academysantaclaus.com\/ca\/wp-json\/wp\/v2\/users\/1"}],"replies":[{"embeddable":true,"href":"https:\/\/academysantaclaus.com\/ca\/wp-json\/wp\/v2\/comments?post=410"}],"version-history":[{"count":6,"href":"https:\/\/academysantaclaus.com\/ca\/wp-json\/wp\/v2\/pages\/410\/revisions"}],"predecessor-version":[{"id":1025,"href":"https:\/\/academysantaclaus.com\/ca\/wp-json\/wp\/v2\/pages\/410\/revisions\/1025"}],"wp:attachment":[{"href":"https:\/\/academysantaclaus.com\/ca\/wp-json\/wp\/v2\/media?parent=410"}],"curies":[{"name":"wp","href":"https:\/\/api.w.org\/{rel}","templated":true}]}}