{"id":411,"date":"2016-11-04T15:17:38","date_gmt":"2016-11-04T13:17:38","guid":{"rendered":"https:\/\/academysantaclaus.com\/ca\/?page_id=411"},"modified":"2016-11-16T18:46:38","modified_gmt":"2016-11-16T16:46:38","slug":"educacio-primaria","status":"publish","type":"page","link":"https:\/\/academysantaclaus.com\/ca\/educacio-primaria\/","title":{"rendered":"Educaci\u00f3 Prim\u00e0ria"},"content":{"rendered":"\n<style type=\"text\/css\" data-created_by=\"avia_inline_auto\" id=\"style-css-av-av_heading-5c539fbd5da35b57df5caf10c2139d81\">\n#top .av-special-heading.av-av_heading-5c539fbd5da35b57df5caf10c2139d81{\npadding-bottom:10px;\n}\nbody .av-special-heading.av-av_heading-5c539fbd5da35b57df5caf10c2139d81 .av-special-heading-tag .heading-char{\nfont-size:25px;\n}\n.av-special-heading.av-av_heading-5c539fbd5da35b57df5caf10c2139d81 .av-subheading{\nfont-size:15px;\n}\n<\/style>\n<div  class='av-special-heading av-av_heading-5c539fbd5da35b57df5caf10c2139d81 av-special-heading-h1  avia-builder-el-0  el_before_av_hr  avia-builder-el-first '><h1 class='av-special-heading-tag'  itemprop=\"headline\"  >Educaci\u00f3 Prim\u00e0ria<\/h1><div class=\"special-heading-border\"><div class=\"special-heading-inner-border\"><\/div><\/div><\/div>\n\n<style type=\"text\/css\" data-created_by=\"avia_inline_auto\" id=\"style-css-av-av_hr-a6de236e6c183bbbd700292deacd2b52\">\n#top .hr.hr-invisible.av-av_hr-a6de236e6c183bbbd700292deacd2b52{\nheight:20px;\n}\n<\/style>\n<div  class='hr av-av_hr-a6de236e6c183bbbd700292deacd2b52 hr-invisible  avia-builder-el-1  el_after_av_heading  el_before_av_heading '><span class='hr-inner '><span class=\"hr-inner-style\"><\/span><\/span><\/div>\n\n<style type=\"text\/css\" data-created_by=\"avia_inline_auto\" id=\"style-css-av-av_heading-ba84d1ef59fffb429f6577b25d159ce6\">\n#top .av-special-heading.av-av_heading-ba84d1ef59fffb429f6577b25d159ce6{\npadding-bottom:10px;\n}\nbody .av-special-heading.av-av_heading-ba84d1ef59fffb429f6577b25d159ce6 .av-special-heading-tag .heading-char{\nfont-size:25px;\n}\n.av-special-heading.av-av_heading-ba84d1ef59fffb429f6577b25d159ce6 .av-subheading{\nfont-size:15px;\n}\n<\/style>\n<div  class='av-special-heading av-av_heading-ba84d1ef59fffb429f6577b25d159ce6 av-special-heading-h2 blockquote modern-quote  avia-builder-el-2  el_after_av_hr  el_before_av_one_half '><h2 class='av-special-heading-tag'  itemprop=\"headline\"  >Form I, II, III, IV, V <span class='special_amp'>&amp;<\/span> VI<\/h2><div class=\"special-heading-border\"><div class=\"special-heading-inner-border\"><\/div><\/div><\/div>\n\n<style type=\"text\/css\" data-created_by=\"avia_inline_auto\" id=\"style-css-av-av_one_half-9497bbf8bff73ea4c6992cc17fa9ec36\">\n.flex_column.av-av_one_half-9497bbf8bff73ea4c6992cc17fa9ec36{\n-webkit-border-radius:0px 0px 0px 0px;\n-moz-border-radius:0px 0px 0px 0px;\nborder-radius:0px 0px 0px 0px;\npadding:0px 0px 0px 0px;\n}\n<\/style>\n<div  class='flex_column av-av_one_half-9497bbf8bff73ea4c6992cc17fa9ec36 av_one_half  avia-builder-el-3  el_after_av_heading  el_before_av_one_half  first flex_column_div av-zero-column-padding  '     ><section  class='av_textblock_section av-av_textblock-0366cc7376be6c9e82a3e9cc8987b64f '   itemscope=\"itemscope\" itemtype=\"https:\/\/schema.org\/CreativeWork\" ><div class='avia_textblock'  itemprop=\"text\" ><p style=\"text-align: left;\"><u>UNA EDUCACI\u00d3 TRILING\u00dcE<\/u><\/p>\n<p>A l\u2019etapa d\u2019Educaci\u00f3 Prim\u00e0ria, dels 6 als 12 anys, s\u2019imparteix el curr\u00edculum establert introduint la llengua espanyola i paulatinament el catal\u00e0, rebent els alumnes una <strong>educaci\u00f3 triling\u00fce<\/strong>. Utilitzem diferents m\u00e8todes de treball que resulten efica\u00e7os per a consolidar els seus aprenentatges. Al finalitzar l\u2019Educaci\u00f3 Prim\u00e0ria els alumnes de English Academy Santa Claus s\u00f3n capa\u00e7os de comunicar-se amb flu\u00efdesa, tant oralment com de forma escrita, en les tres lleng\u00fces: angl\u00e8s, catal\u00e0 i castell\u00e0.<\/p>\n<p>La conviv\u00e8ncia de dues cultures ens permet optimitzar aquells aspectes acad\u00e8mics propis d\u2019ambd\u00f3s estils d\u2019ensenyament. El model anglosax\u00f3 i el \u00a0del nostre pa\u00eds.<\/p>\n<p>Els nens i les nenes superen amb \u00e8xit diferents ex\u00e0mens oficials anglesos com s\u00f3n el Trinity, <span style=\"text-decoration: line-through;\">o<\/span> els de Cambridge i els de la Generalitat de Catalunya.<\/p>\n<p style=\"text-align: left;\"><u>ASSIGNATURES<\/u><\/p>\n<p>Les assignatures impartides en aquesta etapa s\u00f3n:<\/p>\n<\/div><\/section><br \/>\n<div  class='avia-table av-av_table-5e8dca6f6373d6df8320a18f615115f7 main_color avia-pricing-table-container avia_pricing_default  avia-builder-el-5  el_after_av_textblock  el_before_av_textblock  avia-table-1'  itemscope=\"itemscope\" itemtype=\"https:\/\/schema.org\/Table\" ><div class=\"pricing-table-wrap\"><ul class='pricing-table '><li class=''><div class='first-table-item'>Llengua Anglesa<\/div><span class='pricing-extra'><\/span><\/li><li class=''>Llengua Catalana<\/li><li class=''>Llengua Castellana<\/li><li class=''>Matem\u00e0tiques<\/li><li class=''>Ci\u00e8ncies Naturals<\/li><\/ul><\/div><div class=\"pricing-table-wrap\"><ul class='pricing-table '><li class=''><div class='first-table-item'>Ci\u00e8ncies Socials<\/div><span class='pricing-extra'><\/span><\/li><li class=''>Filosofia, \u00c8tica i Religions<\/li><li class=''>Expressi\u00f3 Art\u00edstica i Pl\u00e0stica<\/li><li class=''>M\u00fasica<\/li><li class=''>Educaci\u00f3 F\u00edsica<\/li><\/ul><\/div><\/div><br \/>\n<section  class='av_textblock_section av-av_textblock-0366cc7376be6c9e82a3e9cc8987b64f '   itemscope=\"itemscope\" itemtype=\"https:\/\/schema.org\/CreativeWork\" ><div class='avia_textblock'  itemprop=\"text\" ><p style=\"text-align: left;\"><u>UNA EDUCACI\u00d3 PERSONALITZADA<\/u><\/p>\n<p>Els nostres alumnes reben <strong>una atenci\u00f3 individualitzada<\/strong>, a trav\u00e9s de tutories i d\u2019una relaci\u00f3 flu\u00efda amb les fam\u00edlies. Un <strong>seguiment proper<\/strong> del proc\u00e9s evolutiu i respectant els diferents ritmes maduratius individuals afavoreix la formaci\u00f3 integral de cada nen.<\/p>\n<\/div><\/section><\/p><\/div>\n\n<style type=\"text\/css\" data-created_by=\"avia_inline_auto\" id=\"style-css-av-av_one_half-9c1d454dc06f7247226bc4e8f931daae\">\n.flex_column.av-av_one_half-9c1d454dc06f7247226bc4e8f931daae{\n-webkit-border-radius:0px 0px 0px 0px;\n-moz-border-radius:0px 0px 0px 0px;\nborder-radius:0px 0px 0px 0px;\npadding:0px 0px 0px 0px;\n}\n<\/style>\n<div  class='flex_column av-av_one_half-9c1d454dc06f7247226bc4e8f931daae av_one_half  avia-builder-el-7  el_after_av_one_half  el_before_av_textblock  flex_column_div av-zero-column-padding  '     ><p>\n<style type=\"text\/css\" data-created_by=\"avia_inline_auto\" id=\"style-css-av-av_image-4edb42ba9f29249fad5e038b27ce5aed\">\n.avia-image-container.av-av_image-4edb42ba9f29249fad5e038b27ce5aed img.avia_image{\nbox-shadow:none;\n}\n.avia-image-container.av-av_image-4edb42ba9f29249fad5e038b27ce5aed .av-image-caption-overlay-center{\ncolor:#ffffff;\n}\n<\/style>\n<div  class='avia-image-container av-av_image-4edb42ba9f29249fad5e038b27ce5aed av-styling- avia-align-center  avia-builder-el-8  el_before_av_image  avia-builder-el-first '   itemprop=\"image\" itemscope=\"itemscope\" itemtype=\"https:\/\/schema.org\/ImageObject\" ><div class=\"avia-image-container-inner\"><div class=\"avia-image-overlay-wrap\"><img decoding=\"async\" class='wp-image-455 avia-img-lazy-loading-not-455 avia_image ' src=\"https:\/\/academysantaclaus.com\/wp-content\/uploads\/2016\/09\/academy-santa-claus-3b-1.jpg\" alt='' title=''  height=\"1120\" width=\"1542\"  itemprop=\"thumbnailUrl\" srcset=\"https:\/\/academysantaclaus.com\/wp-content\/uploads\/2016\/09\/academy-santa-claus-3b-1.jpg 1542w, https:\/\/academysantaclaus.com\/wp-content\/uploads\/2016\/09\/academy-santa-claus-3b-1-300x218.jpg 300w, https:\/\/academysantaclaus.com\/wp-content\/uploads\/2016\/09\/academy-santa-claus-3b-1-768x558.jpg 768w, https:\/\/academysantaclaus.com\/wp-content\/uploads\/2016\/09\/academy-santa-claus-3b-1-1030x748.jpg 1030w, https:\/\/academysantaclaus.com\/wp-content\/uploads\/2016\/09\/academy-santa-claus-3b-1-1500x1089.jpg 1500w, https:\/\/academysantaclaus.com\/wp-content\/uploads\/2016\/09\/academy-santa-claus-3b-1-705x512.jpg 705w, https:\/\/academysantaclaus.com\/wp-content\/uploads\/2016\/09\/academy-santa-claus-3b-1-450x327.jpg 450w\" sizes=\"(max-width: 1542px) 100vw, 1542px\" \/><\/div><\/div><\/div><br \/>\n\n<style type=\"text\/css\" data-created_by=\"avia_inline_auto\" id=\"style-css-av-av_image-13c9aa99504e4bd9288087a0b8aa3d01\">\n.avia-image-container.av-av_image-13c9aa99504e4bd9288087a0b8aa3d01 img.avia_image{\nbox-shadow:none;\n}\n.avia-image-container.av-av_image-13c9aa99504e4bd9288087a0b8aa3d01 .av-image-caption-overlay-center{\ncolor:#ffffff;\n}\n<\/style>\n<div  class='avia-image-container av-av_image-13c9aa99504e4bd9288087a0b8aa3d01 av-styling- avia-align-center  avia-builder-el-9  el_after_av_image  avia-builder-el-last '   itemprop=\"image\" itemscope=\"itemscope\" itemtype=\"https:\/\/schema.org\/ImageObject\" ><div class=\"avia-image-container-inner\"><div class=\"avia-image-overlay-wrap\"><img decoding=\"async\" class='wp-image-1031 avia-img-lazy-loading-not-1031 avia_image ' src=\"https:\/\/academysantaclaus.com\/wp-content\/uploads\/2016\/09\/FI_colegiosantaclaus.jpg\" alt='fi_colegiosantaclaus' title=''  height=\"683\" width=\"1024\"  itemprop=\"thumbnailUrl\" srcset=\"https:\/\/academysantaclaus.com\/wp-content\/uploads\/2016\/09\/FI_colegiosantaclaus.jpg 1024w, https:\/\/academysantaclaus.com\/wp-content\/uploads\/2016\/09\/FI_colegiosantaclaus-300x200.jpg 300w, https:\/\/academysantaclaus.com\/wp-content\/uploads\/2016\/09\/FI_colegiosantaclaus-768x512.jpg 768w, https:\/\/academysantaclaus.com\/wp-content\/uploads\/2016\/09\/FI_colegiosantaclaus-705x470.jpg 705w, https:\/\/academysantaclaus.com\/wp-content\/uploads\/2016\/09\/FI_colegiosantaclaus-450x300.jpg 450w\" sizes=\"(max-width: 1024px) 100vw, 1024px\" \/><\/div><\/div><\/div><\/p><\/div><section  class='av_textblock_section av-av_textblock-0366cc7376be6c9e82a3e9cc8987b64f '   itemscope=\"itemscope\" itemtype=\"https:\/\/schema.org\/CreativeWork\" ><div class='avia_textblock'  itemprop=\"text\" ><p style=\"text-align: left;\"><u>EL NOSTRE PROJECTE EDUCATIU<\/u><\/p>\n<p>L\u2019etapa de Prim\u00e0ria es desenvolupa a trav\u00e9s de les diferents assignatures amb els seg\u00fcents objectius i activitats d\u2019aprenentatge:<\/p>\n<p>&#8211; Impartim <strong>un<\/strong> <strong>ensenyament actiu i experimental<\/strong>, potenciant la innovaci\u00f3 i a la vegada <strong>el<\/strong> <strong>pensament cr\u00edtic i creatiu<\/strong>, respectant i valorant la individualitat de cada alumne.<\/p>\n<p>&#8211; A English Academy Santa Claus fomentem que el nostre alumnat s\u2019involucri a la vida escolar construint <strong>una s\u00f2lida<\/strong> <strong>\u00e8tica del treball i la responsabilitat<\/strong>.<\/p>\n<p>&#8211; <strong>El<\/strong> <strong>material did\u00e0ctic<\/strong> \u00e9s el mateix que utilitzen els estudiants de Gran Bretanya, en la llengua anglesa.<\/p>\n<p>&#8211; L\u2019educaci\u00f3 en <strong>la gesti\u00f3 de les emocions<\/strong> \u00e9s primordial i s\u2019aborda mitjan\u00e7ant diferents estrat\u00e8gies (filosofia, \u00e8tica i civisme, debats, tutories, etc.). Al Cicle Inicial es treballa a partir del <em>Projecte de Filosofia 3\/18.<\/em><\/p>\n<p>&#8211; <strong>El<\/strong> <strong>coneixement del medi natural<\/strong> es treballa mitjan\u00e7ant l\u2019experiment, l\u2019observaci\u00f3 i el treball de camp seguint el m\u00e8tode cient\u00edfic i continuant amb el <em>Projecte de Ci\u00e8ncies 6\/12<\/em> i altres.<\/p>\n<p>&#8211; Gr\u00e0cies a que els nostres alumnes arriben amb una bona concepci\u00f3 mental matem\u00e0tica podem continuar desenvolupant aquesta compet\u00e8ncia i consolidar <strong>el<\/strong> <strong>raonament l\u00f2gic-matem\u00e0tic<\/strong>.<\/p>\n<p>&#8211; <strong>El<\/strong> l<strong>lenguatge oral, <\/strong>en les tres lleng\u00fces<strong>,<\/strong> es refor\u00e7a en aquest etapa amb diferents activitats (presentacions orals, teatre, r\u00e0dio, ret\u00f2rica, cant, etc.)<\/p>\n<p>&#8211; <strong>El<\/strong> <strong>llenguatge escrit<\/strong> es treballa des de totes les perspectives, tant acad\u00e8miques (ortografia, gram\u00e0tica, expressi\u00f3) com creatives i d\u2019estil (Jocs Florals, obres de teatre, revista escolar, etc.) en els tres idiomes.<\/p>\n<p>&#8211; Fomentem <strong>el<\/strong> <strong>gust per la lectura<\/strong> i per a aconseguir-ho dissenyem grups flexibles i sessions de lectura i comprensi\u00f3 de diversos tipus. Els llibres permeten el desenvolupament de la imaginaci\u00f3, l\u2019intercanvi d\u2019idees i el perfeccionament del llenguatge.<\/p>\n<p>&#8211; Als cursos superiors ajudem als alumnes a entendre <strong>el concepte d\u2019hist\u00f2ria i l\u2019espai-temporal.<\/strong><\/p>\n<p><strong>&#8211; La sensibilitat art\u00edstica <\/strong>es potencia i s\u2019afavoreix des de diferents \u00e0mbits de l\u2019observaci\u00f3 i de la creaci\u00f3 donant especial import\u00e0ncia a les arts pl\u00e0stiques.<\/p>\n<p><strong>&#8211; El cant <\/strong>continua sent el nostre vincle primordial amb la m\u00fasica, sense oblidar la teoria musical.<\/p>\n<p>&#8211; <strong>La<\/strong> <strong>consci\u00e8ncia de<\/strong> <strong>la nostra realitat cultural i el coneixement d\u2019altres cultures <\/strong>permet que els nostres alumnes reforcin la seva identitat personal i, a la vegada, siguin respectuosos, oberts i tolerants.<\/p>\n<p><strong>&#8211; <\/strong>A trav\u00e9s de <strong>l\u2019exercici, els jocs i la preparaci\u00f3 f\u00edsica <\/strong>els nens i les nenes aprenen a con\u00e8ixer-se a ells mateixos descobrint la seves possibilitats. L\u2019esfor\u00e7 afavoreix el desenvolupament personal. De la mateixa manera, amb l\u2019esport s\u2019apr\u00e8n a moure\u2019s dins d\u2019un equip.<\/p>\n<\/div><\/section><\/p>\n\n<style type=\"text\/css\" data-created_by=\"avia_inline_auto\" id=\"style-css-av-av_one_half-9497bbf8bff73ea4c6992cc17fa9ec36\">\n.flex_column.av-av_one_half-9497bbf8bff73ea4c6992cc17fa9ec36{\n-webkit-border-radius:0px 0px 0px 0px;\n-moz-border-radius:0px 0px 0px 0px;\nborder-radius:0px 0px 0px 0px;\npadding:0px 0px 0px 0px;\n}\n<\/style>\n<div  class='flex_column av-av_one_half-9497bbf8bff73ea4c6992cc17fa9ec36 av_one_half  avia-builder-el-11  el_after_av_textblock  el_before_av_one_half  first flex_column_div av-zero-column-padding  column-top-margin'     ><p>\n<style type=\"text\/css\" data-created_by=\"avia_inline_auto\" id=\"style-css-av-av_hr-5ea7596238ed9f191e6b5e662093052f\">\n#top .hr.hr-invisible.av-av_hr-5ea7596238ed9f191e6b5e662093052f{\nheight:30px;\n}\n<\/style>\n<div  class='hr av-av_hr-5ea7596238ed9f191e6b5e662093052f hr-invisible  avia-builder-el-12  el_before_av_image  avia-builder-el-first '><span class='hr-inner '><span class=\"hr-inner-style\"><\/span><\/span><\/div><br \/>\n\n<style type=\"text\/css\" data-created_by=\"avia_inline_auto\" id=\"style-css-av-av_image-9eb36608b3916467411755ae41b28aa4\">\n.avia-image-container.av-av_image-9eb36608b3916467411755ae41b28aa4 img.avia_image{\nbox-shadow:none;\n}\n.avia-image-container.av-av_image-9eb36608b3916467411755ae41b28aa4 .av-image-caption-overlay-center{\ncolor:#ffffff;\n}\n<\/style>\n<div  class='avia-image-container av-av_image-9eb36608b3916467411755ae41b28aa4 av-styling- avia-align-center  avia-builder-el-13  el_after_av_hr  avia-builder-el-last '   itemprop=\"image\" itemscope=\"itemscope\" itemtype=\"https:\/\/schema.org\/ImageObject\" ><div class=\"avia-image-container-inner\"><div class=\"avia-image-overlay-wrap\"><img decoding=\"async\" class='wp-image-453 avia-img-lazy-loading-not-453 avia_image ' src=\"https:\/\/academysantaclaus.com\/wp-content\/uploads\/2016\/09\/academy-santa-claus-2.jpg\" alt='' title=''  height=\"1080\" width=\"1623\"  itemprop=\"thumbnailUrl\" srcset=\"https:\/\/academysantaclaus.com\/wp-content\/uploads\/2016\/09\/academy-santa-claus-2.jpg 1623w, https:\/\/academysantaclaus.com\/wp-content\/uploads\/2016\/09\/academy-santa-claus-2-300x200.jpg 300w, https:\/\/academysantaclaus.com\/wp-content\/uploads\/2016\/09\/academy-santa-claus-2-768x511.jpg 768w, https:\/\/academysantaclaus.com\/wp-content\/uploads\/2016\/09\/academy-santa-claus-2-1030x685.jpg 1030w, https:\/\/academysantaclaus.com\/wp-content\/uploads\/2016\/09\/academy-santa-claus-2-1500x998.jpg 1500w, https:\/\/academysantaclaus.com\/wp-content\/uploads\/2016\/09\/academy-santa-claus-2-705x469.jpg 705w, https:\/\/academysantaclaus.com\/wp-content\/uploads\/2016\/09\/academy-santa-claus-2-450x299.jpg 450w\" sizes=\"(max-width: 1623px) 100vw, 1623px\" \/><\/div><\/div><\/div><\/p><\/div>\n\n<style type=\"text\/css\" data-created_by=\"avia_inline_auto\" id=\"style-css-av-av_one_half-9c1d454dc06f7247226bc4e8f931daae\">\n.flex_column.av-av_one_half-9c1d454dc06f7247226bc4e8f931daae{\n-webkit-border-radius:0px 0px 0px 0px;\n-moz-border-radius:0px 0px 0px 0px;\nborder-radius:0px 0px 0px 0px;\npadding:0px 0px 0px 0px;\n}\n<\/style>\n<div  class='flex_column av-av_one_half-9c1d454dc06f7247226bc4e8f931daae av_one_half  avia-builder-el-14  el_after_av_one_half  avia-builder-el-last  flex_column_div av-zero-column-padding  column-top-margin'     ><p><section  class='av_textblock_section av-av_textblock-0366cc7376be6c9e82a3e9cc8987b64f '   itemscope=\"itemscope\" itemtype=\"https:\/\/schema.org\/CreativeWork\" ><div class='avia_textblock'  itemprop=\"text\" ><p>L\u2019\u00e8xit d\u2019aquest Projecte Educatiu \u00e9s possible gr\u00e0cies a les seg\u00fcents premisses:<\/p>\n<ul>\n<li>El <u>respecte<\/u> por les normes, les bones maneres i <em>el saber estar<\/em> permeten una bona conviv\u00e8ncia on la diversitat enriqueix.<\/li>\n<li>El <u>comprom\u00eds<\/u> amb un mateix, amb la resta de companys i amb la comunitat educativa col\u00b7laborant i participant en les activitats escolars.<\/li>\n<li>La <u>implicaci\u00f3<\/u> en el Projecte Educatiu i el treball en equip.<\/li>\n<li>L\u2019<u>estimulaci\u00f3 <\/u>d\u2019uns h\u00e0bits saludables.<\/li>\n<li>El <u>coneixement d\u2019un mateix<\/u> per a descobrir el propi talent i treballar la for\u00e7a de voluntat.<\/li>\n<li>El desenvolupament d\u2019un <u>criteri propi<\/u> mitjan\u00e7ant la reflexi\u00f3 facilita abordar la resoluci\u00f3 de conflictes de manera satisfact\u00f2ria.<\/li>\n<li>L\u2019<u>exig\u00e8ncia<\/u> i auto exig\u00e8ncia tant a nivell personal com acad\u00e8mic.<\/li>\n<li>El <u>desenvolupament<\/u> d\u2019un projecte de l\u00f2gica espec\u00edfic.<\/li>\n<\/ul>\n<p>M\u00e9s de cinquanta anys d\u2019experi\u00e8ncia constaten que els alumnes que completen els seus estudis al col\u00b7legi Santa Claus s\u2019adapten sense cap tipus de dificultat als centres als que accedeixen per a continuar els seus estudis i que tenen com llengua vehicular i d\u2019aprenentatge qualsevol de les tres lleng\u00fces.<\/p>\n<\/div><\/section><br \/>\n\n<style type=\"text\/css\" data-created_by=\"avia_inline_auto\" id=\"style-css-av-av_hr-5ea7596238ed9f191e6b5e662093052f\">\n#top .hr.hr-invisible.av-av_hr-5ea7596238ed9f191e6b5e662093052f{\nheight:30px;\n}\n<\/style>\n<div  class='hr av-av_hr-5ea7596238ed9f191e6b5e662093052f hr-invisible  avia-builder-el-16  el_after_av_textblock  el_before_av_button '><span class='hr-inner '><span class=\"hr-inner-style\"><\/span><\/span><\/div><br \/>\n<div  class='avia-button-wrap av-av_button-1dac2247aa1b553a8f2d38e9d07c9777-wrap avia-button-center  avia-builder-el-17  el_after_av_hr  avia-builder-el-last '><a href='https:\/\/academysantaclaus.com\/ca\/examens-oficials\/'  class='avia-button av-av_button-1dac2247aa1b553a8f2d38e9d07c9777 avia-icon_select-no avia-size-large avia-position-center avia-color-theme-color'  ><span class='avia_iconbox_title' >Ex\u00e0mens oficials<\/span><\/a><\/div><\/p><\/div>\n","protected":false},"excerpt":{"rendered":"","protected":false},"author":1,"featured_media":0,"parent":0,"menu_order":240,"comment_status":"closed","ping_status":"closed","template":"","meta":[],"_links":{"self":[{"href":"https:\/\/academysantaclaus.com\/ca\/wp-json\/wp\/v2\/pages\/411"}],"collection":[{"href":"https:\/\/academysantaclaus.com\/ca\/wp-json\/wp\/v2\/pages"}],"about":[{"href":"https:\/\/academysantaclaus.com\/ca\/wp-json\/wp\/v2\/types\/page"}],"author":[{"embeddable":true,"href":"https:\/\/academysantaclaus.com\/ca\/wp-json\/wp\/v2\/users\/1"}],"replies":[{"embeddable":true,"href":"https:\/\/academysantaclaus.com\/ca\/wp-json\/wp\/v2\/comments?post=411"}],"version-history":[{"count":6,"href":"https:\/\/academysantaclaus.com\/ca\/wp-json\/wp\/v2\/pages\/411\/revisions"}],"predecessor-version":[{"id":1034,"href":"https:\/\/academysantaclaus.com\/ca\/wp-json\/wp\/v2\/pages\/411\/revisions\/1034"}],"wp:attachment":[{"href":"https:\/\/academysantaclaus.com\/ca\/wp-json\/wp\/v2\/media?parent=411"}],"curies":[{"name":"wp","href":"https:\/\/api.w.org\/{rel}","templated":true}]}}