{"id":412,"date":"2016-11-04T15:22:07","date_gmt":"2016-11-04T13:22:07","guid":{"rendered":"https:\/\/academysantaclaus.com\/ca\/?page_id=412"},"modified":"2016-11-04T16:21:04","modified_gmt":"2016-11-04T14:21:04","slug":"examens-oficials","status":"publish","type":"page","link":"https:\/\/academysantaclaus.com\/ca\/examens-oficials\/","title":{"rendered":"Ex\u00e0mens oficials"},"content":{"rendered":"\n<style type=\"text\/css\" data-created_by=\"avia_inline_auto\" id=\"style-css-av-av_heading-3dd25beb4a140938b6609c52334379f1\">\n#top .av-special-heading.av-av_heading-3dd25beb4a140938b6609c52334379f1{\npadding-bottom:10px;\n}\nbody .av-special-heading.av-av_heading-3dd25beb4a140938b6609c52334379f1 .av-special-heading-tag .heading-char{\nfont-size:25px;\n}\n.av-special-heading.av-av_heading-3dd25beb4a140938b6609c52334379f1 .av-subheading{\nfont-size:15px;\n}\n<\/style>\n<div  class='av-special-heading av-av_heading-3dd25beb4a140938b6609c52334379f1 av-special-heading-h1  avia-builder-el-0  el_before_av_one_half  avia-builder-el-first '><h1 class='av-special-heading-tag'  itemprop=\"headline\"  >Ex\u00e0mens oficials<\/h1><div class=\"special-heading-border\"><div class=\"special-heading-inner-border\"><\/div><\/div><\/div>\n\n<style type=\"text\/css\" data-created_by=\"avia_inline_auto\" id=\"style-css-av-av_one_half-9497bbf8bff73ea4c6992cc17fa9ec36\">\n.flex_column.av-av_one_half-9497bbf8bff73ea4c6992cc17fa9ec36{\n-webkit-border-radius:0px 0px 0px 0px;\n-moz-border-radius:0px 0px 0px 0px;\nborder-radius:0px 0px 0px 0px;\npadding:0px 0px 0px 0px;\n}\n<\/style>\n<div  class='flex_column av-av_one_half-9497bbf8bff73ea4c6992cc17fa9ec36 av_one_half  avia-builder-el-1  el_after_av_heading  el_before_av_two_fifth  first flex_column_div av-zero-column-padding  '     ><p><section  class='av_textblock_section av-av_textblock-0366cc7376be6c9e82a3e9cc8987b64f '   itemscope=\"itemscope\" itemtype=\"https:\/\/schema.org\/CreativeWork\" ><div class='avia_textblock'  itemprop=\"text\" ><p>Els nens i nenes de 1r a 4rt d\u2019Educaci\u00f3 Prim\u00e0ria es presenten als ex\u00e0mens del Trinity College of London. Al Cicle Superior, a 5\u00e8 i 6\u00e8 d\u2019Educaci\u00f3 Prim\u00e0ria, els estudiants s\u2019examinen dels Cambridge Exams: KET (Key English Test) i PET (Preliminary English Test). Estem orgullosos dels bons resultats dels nostres alumnes.<\/p>\n<p>Tant a 3r com a 6\u00e8 d\u2019Educaci\u00f3 Prim\u00e0ria, els nens i les nenes realitzen les proves oficials de la Generalitat de Catalunya amb \u00e8xit.<\/p>\n<\/div><\/section><br \/>\n\n<style type=\"text\/css\" data-created_by=\"avia_inline_auto\" id=\"style-css-av-av_hr-5ea7596238ed9f191e6b5e662093052f\">\n#top .hr.hr-invisible.av-av_hr-5ea7596238ed9f191e6b5e662093052f{\nheight:30px;\n}\n<\/style>\n<div  class='hr av-av_hr-5ea7596238ed9f191e6b5e662093052f hr-invisible  avia-builder-el-3  el_after_av_textblock  el_before_av_button '><span class='hr-inner '><span class=\"hr-inner-style\"><\/span><\/span><\/div><br \/>\n<div  class='avia-button-wrap av-av_button-4f1ca5ab0610e3725c2bfa60829c0280-wrap avia-button-center  avia-builder-el-4  el_after_av_hr  avia-builder-el-last '><a href='https:\/\/academysantaclaus.com\/ca\/serveis\/'  class='avia-button av-av_button-4f1ca5ab0610e3725c2bfa60829c0280 avia-icon_select-no avia-size-large avia-position-center avia-color-theme-color'  ><span class='avia_iconbox_title' >Serveis escolars<\/span><\/a><\/div><\/p><\/div>\n\n<style type=\"text\/css\" data-created_by=\"avia_inline_auto\" id=\"style-css-av-av_two_fifth-9c1d454dc06f7247226bc4e8f931daae\">\n.flex_column.av-av_two_fifth-9c1d454dc06f7247226bc4e8f931daae{\n-webkit-border-radius:0px 0px 0px 0px;\n-moz-border-radius:0px 0px 0px 0px;\nborder-radius:0px 0px 0px 0px;\npadding:0px 0px 0px 0px;\n}\n<\/style>\n<div  class='flex_column av-av_two_fifth-9c1d454dc06f7247226bc4e8f931daae av_two_fifth  avia-builder-el-5  el_after_av_one_half  avia-builder-el-last  flex_column_div av-zero-column-padding  '     ><style type=\"text\/css\" data-created_by=\"avia_inline_auto\" id=\"style-css-av-av_image-62c5b751612d6e9953245d74cef1c4d3\">\n.avia-image-container.av-av_image-62c5b751612d6e9953245d74cef1c4d3 img.avia_image{\nbox-shadow:none;\n}\n.avia-image-container.av-av_image-62c5b751612d6e9953245d74cef1c4d3 .av-image-caption-overlay-center{\ncolor:#ffffff;\n}\n<\/style>\n<div  class='avia-image-container av-av_image-62c5b751612d6e9953245d74cef1c4d3 av-styling- avia-align-center  avia-builder-el-6  avia-builder-el-no-sibling '   itemprop=\"image\" itemscope=\"itemscope\" itemtype=\"https:\/\/schema.org\/ImageObject\" ><div class=\"avia-image-container-inner\"><div class=\"avia-image-overlay-wrap\"><img decoding=\"async\" class='wp-image-496 avia-img-lazy-loading-not-496 avia_image ' src=\"https:\/\/academysantaclaus.com\/wp-content\/uploads\/2016\/09\/titulos-english.png\" alt='' title=''  height=\"506\" width=\"1028\"  itemprop=\"thumbnailUrl\" srcset=\"https:\/\/academysantaclaus.com\/wp-content\/uploads\/2016\/09\/titulos-english.png 1028w, https:\/\/academysantaclaus.com\/wp-content\/uploads\/2016\/09\/titulos-english-300x148.png 300w, https:\/\/academysantaclaus.com\/wp-content\/uploads\/2016\/09\/titulos-english-768x378.png 768w, https:\/\/academysantaclaus.com\/wp-content\/uploads\/2016\/09\/titulos-english-705x347.png 705w, https:\/\/academysantaclaus.com\/wp-content\/uploads\/2016\/09\/titulos-english-450x221.png 450w\" sizes=\"(max-width: 1028px) 100vw, 1028px\" \/><\/div><\/div><\/div><\/div>\n","protected":false},"excerpt":{"rendered":"","protected":false},"author":1,"featured_media":0,"parent":0,"menu_order":260,"comment_status":"closed","ping_status":"closed","template":"","meta":[],"_links":{"self":[{"href":"https:\/\/academysantaclaus.com\/ca\/wp-json\/wp\/v2\/pages\/412"}],"collection":[{"href":"https:\/\/academysantaclaus.com\/ca\/wp-json\/wp\/v2\/pages"}],"about":[{"href":"https:\/\/academysantaclaus.com\/ca\/wp-json\/wp\/v2\/types\/page"}],"author":[{"embeddable":true,"href":"https:\/\/academysantaclaus.com\/ca\/wp-json\/wp\/v2\/users\/1"}],"replies":[{"embeddable":true,"href":"https:\/\/academysantaclaus.com\/ca\/wp-json\/wp\/v2\/comments?post=412"}],"version-history":[{"count":3,"href":"https:\/\/academysantaclaus.com\/ca\/wp-json\/wp\/v2\/pages\/412\/revisions"}],"predecessor-version":[{"id":525,"href":"https:\/\/academysantaclaus.com\/ca\/wp-json\/wp\/v2\/pages\/412\/revisions\/525"}],"wp:attachment":[{"href":"https:\/\/academysantaclaus.com\/ca\/wp-json\/wp\/v2\/media?parent=412"}],"curies":[{"name":"wp","href":"https:\/\/api.w.org\/{rel}","templated":true}]}}