{"id":417,"date":"2016-11-04T15:18:53","date_gmt":"2016-11-04T13:18:53","guid":{"rendered":"https:\/\/academysantaclaus.com\/ca\/?page_id=417"},"modified":"2016-11-16T17:57:26","modified_gmt":"2016-11-16T15:57:26","slug":"viatge-gran-bretanya","status":"publish","type":"page","link":"https:\/\/academysantaclaus.com\/ca\/viatge-gran-bretanya\/","title":{"rendered":"Viatge a Gran Bretanya"},"content":{"rendered":"\n<style type=\"text\/css\" data-created_by=\"avia_inline_auto\" id=\"style-css-av-av_heading-c6b9390b3b0eb8dc336e6fe527955191\">\n#top .av-special-heading.av-av_heading-c6b9390b3b0eb8dc336e6fe527955191{\npadding-bottom:10px;\n}\nbody .av-special-heading.av-av_heading-c6b9390b3b0eb8dc336e6fe527955191 .av-special-heading-tag .heading-char{\nfont-size:25px;\n}\n.av-special-heading.av-av_heading-c6b9390b3b0eb8dc336e6fe527955191 .av-subheading{\nfont-size:15px;\n}\n<\/style>\n<div  class='av-special-heading av-av_heading-c6b9390b3b0eb8dc336e6fe527955191 av-special-heading-h1  avia-builder-el-0  el_before_av_one_half  avia-builder-el-first '><h1 class='av-special-heading-tag'  itemprop=\"headline\"  >Viatge a Gran Bretanya<\/h1><div class=\"special-heading-border\"><div class=\"special-heading-inner-border\"><\/div><\/div><\/div>\n\n<style type=\"text\/css\" data-created_by=\"avia_inline_auto\" id=\"style-css-av-av_one_half-9497bbf8bff73ea4c6992cc17fa9ec36\">\n.flex_column.av-av_one_half-9497bbf8bff73ea4c6992cc17fa9ec36{\n-webkit-border-radius:0px 0px 0px 0px;\n-moz-border-radius:0px 0px 0px 0px;\nborder-radius:0px 0px 0px 0px;\npadding:0px 0px 0px 0px;\n}\n<\/style>\n<div  class='flex_column av-av_one_half-9497bbf8bff73ea4c6992cc17fa9ec36 av_one_half  avia-builder-el-1  el_after_av_heading  el_before_av_two_fifth  first flex_column_div av-zero-column-padding  '     ><p><section  class='av_textblock_section av-av_textblock-0366cc7376be6c9e82a3e9cc8987b64f '   itemscope=\"itemscope\" itemtype=\"https:\/\/schema.org\/CreativeWork\" ><div class='avia_textblock'  itemprop=\"text\" ><p>A partir de 4rt d\u2019Educaci\u00f3 Prim\u00e0ria, el nostre alumnat t\u00e9 l\u2019oportunitat de participar al <strong>viatge anual que l\u2019escola organitza a Gran Bretanya.\u00a0 <\/strong><\/p>\n<p>Les \u00faltimes est\u00e0ncies han estat a Londres, l\u2019Illa de Jersey, Exmouth, Plymouth i Exeter.<\/p>\n<p>Aquests viatges donen la possibilitat als nens i a les nenes de viure una experi\u00e8ncia inoblidable a tots els nivells: utilitzen la llengua anglesa de manera espont\u00e0nia i fluida, \u00a0aprenen sobre una altra cultura, altres formes de viure, de menjar, etc.<\/p>\n<p>Durant aquestes sortides, els nostres alumnes experimenten la conviv\u00e8ncia, l\u2019estar fora de casa, l\u2019autonomia i la responsabilitat. Per\u00f2, sobretot, la companyonia i l\u2019amistat.<\/p>\n<\/div><\/section><br \/>\n\n<style type=\"text\/css\" data-created_by=\"avia_inline_auto\" id=\"style-css-av-av_hr-5ea7596238ed9f191e6b5e662093052f\">\n#top .hr.hr-invisible.av-av_hr-5ea7596238ed9f191e6b5e662093052f{\nheight:30px;\n}\n<\/style>\n<div  class='hr av-av_hr-5ea7596238ed9f191e6b5e662093052f hr-invisible  avia-builder-el-3  el_after_av_textblock  el_before_av_button '><span class='hr-inner '><span class=\"hr-inner-style\"><\/span><\/span><\/div><br \/>\n<div  class='avia-button-wrap av-av_button-0b5d2449dc004006dcc0b586d2e55ac5-wrap avia-button-center  avia-builder-el-4  el_after_av_hr  avia-builder-el-last '><a href='https:\/\/academysantaclaus.com\/ca\/contacte\/'  class='avia-button av-av_button-0b5d2449dc004006dcc0b586d2e55ac5 avia-icon_select-no avia-size-large avia-position-center avia-color-theme-color'  ><span class='avia_iconbox_title' >Contacte<\/span><\/a><\/div><\/p><\/div>\n<style type=\"text\/css\" data-created_by=\"avia_inline_auto\" id=\"style-css-av-av_two_fifth-9c1d454dc06f7247226bc4e8f931daae\">\n.flex_column.av-av_two_fifth-9c1d454dc06f7247226bc4e8f931daae{\n-webkit-border-radius:0px 0px 0px 0px;\n-moz-border-radius:0px 0px 0px 0px;\nborder-radius:0px 0px 0px 0px;\npadding:0px 0px 0px 0px;\n}\n<\/style>\n<div  class='flex_column av-av_two_fifth-9c1d454dc06f7247226bc4e8f931daae av_two_fifth  avia-builder-el-5  el_after_av_one_half  avia-builder-el-last  flex_column_div av-zero-column-padding  '     ><style type=\"text\/css\" data-created_by=\"avia_inline_auto\" id=\"style-css-av-av_image-6e1523f3574f834a93ec8047e4fd679f\">\n.avia-image-container.av-av_image-6e1523f3574f834a93ec8047e4fd679f img.avia_image{\nbox-shadow:none;\n}\n.avia-image-container.av-av_image-6e1523f3574f834a93ec8047e4fd679f .av-image-caption-overlay-center{\ncolor:#ffffff;\n}\n<\/style>\n<div  class='avia-image-container av-av_image-6e1523f3574f834a93ec8047e4fd679f av-styling- avia-align-center  avia-builder-el-6  avia-builder-el-no-sibling '   itemprop=\"image\" itemscope=\"itemscope\" itemtype=\"https:\/\/schema.org\/ImageObject\" ><div class=\"avia-image-container-inner\"><div class=\"avia-image-overlay-wrap\"><img decoding=\"async\" class='wp-image-484 avia-img-lazy-loading-not-484 avia_image ' src=\"https:\/\/academysantaclaus.com\/wp-content\/uploads\/2016\/09\/viaje-a-inglaterra-1.jpg\" alt='' title=''  height=\"635\" width=\"960\"  itemprop=\"thumbnailUrl\" srcset=\"https:\/\/academysantaclaus.com\/wp-content\/uploads\/2016\/09\/viaje-a-inglaterra-1.jpg 960w, https:\/\/academysantaclaus.com\/wp-content\/uploads\/2016\/09\/viaje-a-inglaterra-1-300x198.jpg 300w, https:\/\/academysantaclaus.com\/wp-content\/uploads\/2016\/09\/viaje-a-inglaterra-1-768x508.jpg 768w, https:\/\/academysantaclaus.com\/wp-content\/uploads\/2016\/09\/viaje-a-inglaterra-1-705x466.jpg 705w, https:\/\/academysantaclaus.com\/wp-content\/uploads\/2016\/09\/viaje-a-inglaterra-1-450x298.jpg 450w\" sizes=\"(max-width: 960px) 100vw, 960px\" \/><\/div><\/div><\/div><\/div><\/p>\n","protected":false},"excerpt":{"rendered":"","protected":false},"author":1,"featured_media":0,"parent":0,"menu_order":440,"comment_status":"closed","ping_status":"closed","template":"","meta":[],"_links":{"self":[{"href":"https:\/\/academysantaclaus.com\/ca\/wp-json\/wp\/v2\/pages\/417"}],"collection":[{"href":"https:\/\/academysantaclaus.com\/ca\/wp-json\/wp\/v2\/pages"}],"about":[{"href":"https:\/\/academysantaclaus.com\/ca\/wp-json\/wp\/v2\/types\/page"}],"author":[{"embeddable":true,"href":"https:\/\/academysantaclaus.com\/ca\/wp-json\/wp\/v2\/users\/1"}],"replies":[{"embeddable":true,"href":"https:\/\/academysantaclaus.com\/ca\/wp-json\/wp\/v2\/comments?post=417"}],"version-history":[{"count":5,"href":"https:\/\/academysantaclaus.com\/ca\/wp-json\/wp\/v2\/pages\/417\/revisions"}],"predecessor-version":[{"id":993,"href":"https:\/\/academysantaclaus.com\/ca\/wp-json\/wp\/v2\/pages\/417\/revisions\/993"}],"wp:attachment":[{"href":"https:\/\/academysantaclaus.com\/ca\/wp-json\/wp\/v2\/media?parent=417"}],"curies":[{"name":"wp","href":"https:\/\/api.w.org\/{rel}","templated":true}]}}