{"id":421,"date":"2016-11-04T15:20:31","date_gmt":"2016-11-04T13:20:31","guid":{"rendered":"https:\/\/academysantaclaus.com\/ca\/?page_id=421"},"modified":"2018-08-13T20:03:09","modified_gmt":"2018-08-13T18:03:09","slug":"contacte","status":"publish","type":"page","link":"https:\/\/academysantaclaus.com\/ca\/contacte\/","title":{"rendered":"Contacte"},"content":{"rendered":"<div  class='flex_column av-av_one_fifth-2a9015ff38129c418a3f2eafba3e9512 av_one_fifth  avia-builder-el-0  el_before_av_one_third  avia-builder-el-first  first flex_column_div  '     ><\/div>\n\n<style type=\"text\/css\" data-created_by=\"avia_inline_auto\" id=\"style-css-av-av_one_third-9c1d454dc06f7247226bc4e8f931daae\">\n.flex_column.av-av_one_third-9c1d454dc06f7247226bc4e8f931daae{\n-webkit-border-radius:0px 0px 0px 0px;\n-moz-border-radius:0px 0px 0px 0px;\nborder-radius:0px 0px 0px 0px;\npadding:0px 0px 0px 0px;\n}\n<\/style>\n<div  class='flex_column av-av_one_third-9c1d454dc06f7247226bc4e8f931daae av_one_third  avia-builder-el-1  el_after_av_one_fifth  el_before_av_two_fifth  flex_column_div av-zero-column-padding  '     ><\/div>\n\n<style type=\"text\/css\" data-created_by=\"avia_inline_auto\" id=\"style-css-av-av_two_fifth-9c1d454dc06f7247226bc4e8f931daae\">\n.flex_column.av-av_two_fifth-9c1d454dc06f7247226bc4e8f931daae{\n-webkit-border-radius:0px 0px 0px 0px;\n-moz-border-radius:0px 0px 0px 0px;\nborder-radius:0px 0px 0px 0px;\npadding:0px 0px 0px 0px;\n}\n<\/style>\n<div  class='flex_column av-av_two_fifth-9c1d454dc06f7247226bc4e8f931daae av_two_fifth  avia-builder-el-3  el_after_av_one_third  el_before_av_one_full  flex_column_div av-zero-column-padding  '     ><form action=\"https:\/\/academysantaclaus.com\/ca\/contacte\/\" method=\"post\" data-fields-with-error=\"Found errors in the following field(s):\" class=\"avia_ajax_form av-form-labels-visible   avia-builder-el-4  avia-builder-el-no-sibling   \" data-avia-form-id=\"1\" data-avia-redirect='' ><h3 class=''>Contacti\u2019ns<\/h3><fieldset><p class='  first_form  form_element form_fullwidth' id='element_avia_1_1'><label for=\"avia_1_1\">Nom <abbr class=\"required\" title=\"obligatori\">*<\/abbr><\/label> <input name=\"avia_1_1\" class=\"text_input is_empty\" type=\"text\" id=\"avia_1_1\" value=\"\" \/><\/p><p class='  first_form  form_element form_fullwidth' id='element_avia_2_1'><label for=\"avia_2_1\">Tel\u00e8fon <abbr class=\"required\" title=\"obligatori\">*<\/abbr><\/label> <input name=\"avia_2_1\" class=\"text_input is_empty\" type=\"text\" id=\"avia_2_1\" value=\"\" \/><\/p><p class='  first_form  form_element form_fullwidth' id='element_avia_3_1'><label for=\"avia_3_1\">Correu electr\u00f2nic <abbr class=\"required\" title=\"obligatori\">*<\/abbr><\/label> <input name=\"avia_3_1\" class=\"text_input is_email\" type=\"text\" id=\"avia_3_1\" value=\"\" \/><\/p><p class='  first_form  form_element form_fullwidth' id='element_avia_4_1'><label for=\"avia_4_1\">Assumpte <abbr class=\"required\" title=\"obligatori\">*<\/abbr><\/label> <input name=\"avia_4_1\" class=\"text_input is_empty\" type=\"text\" id=\"avia_4_1\" value=\"\" \/><\/p><p class='  first_form  form_element form_fullwidth' id='element_avia_5_1'><label for=\"avia_5_1\" class=\"textare_label hidden textare_label_avia_5_1\">Missatge <abbr class=\"required\" title=\"obligatori\">*<\/abbr><\/label><textarea  name=\"avia_5_1\" class=\"text_area is_empty\" cols=\"40\" rows=\"7\" id=\"avia_5_1\" ><\/textarea><\/p><p class='  first_form  form_element form_fullwidth' id='element_avia_6_1'><input  name=\"avia_6_1\" class=\"input_checkbox is_empty\" type=\"checkbox\" id=\"avia_6_1\" value=\"true\"\/><label class=\"input_checkbox_label\" for=\"avia_6_1\"> Consento l\u2019\u00fas de les meves dades per a les finalitats indicades en la pol\u00edtica de privadesa \"<a href=\"https:\/\/academysantaclaus.com\/ca\/politica-de-privacitat\/\" target=\"_blank\">LES SEVES DADES SEGURES<\/a>\". <abbr class=\"required\" title=\"obligatori\">*<\/abbr><\/label><\/p><p class='  first_form  form_element form_fullwidth' id='element_avia_7_1'><input  name=\"avia_7_1\" class=\"input_checkbox \" type=\"checkbox\" id=\"avia_7_1\" value=\"true\"\/><label class=\"input_checkbox_label\" for=\"avia_7_1\"> Consento l\u2019\u00fas de les meves dades personals per rebre publicitat de la seva entitat.<\/label><\/p><div id='avia_8_1' class='av-form-text'><\/p>\n<table class=\"fondolila\" style=\"border-collapse: collapse; border: none; background: transparent;\">\n<tbody>\n<tr>\n<td style=\"width: 423.7pt; border: solid windowtext 1.5pt; border-bottom: solid windowtext 1.0pt; padding: 0cm 5.4pt 0cm 5.4pt;\" colspan=\"2\" width=\"706\">\n<p style=\"margin-bottom: .0001pt; text-align: center; line-height: normal;\"><strong>INFORMACI\u00d3N B\u00c1SICA SOBRE PROTECCI\u00d3N DE DATOS<\/strong><\/p>\n<\/td>\n<\/tr>\n<tr>\n<td style=\"width: 211.85pt; border-top: none; border-left: solid windowtext 1.5pt; border-bottom: solid windowtext 1.0pt; border-right: solid windowtext 1.0pt; padding: 0cm 5.4pt 0cm 5.4pt;\" width=\"353\">\n<p style=\"margin-bottom: .0001pt; line-height: normal;\"><strong>Responsable del tractament<\/strong><\/p>\n<\/td>\n<td style=\"width: 211.85pt; border-top: none; border-left: none; border-bottom: solid windowtext 1.0pt; border-right: solid windowtext 1.5pt; padding: 0cm 5.4pt 0cm 5.4pt;\" width=\"353\">\n<p style=\"margin-bottom: .0001pt; line-height: normal;\">ACADEMIA SANTA CLAUS S.A.<\/p>\n<\/td>\n<\/tr>\n<tr>\n<td style=\"width: 211.85pt; border-top: none; border-left: solid windowtext 1.5pt; border-bottom: solid windowtext 1.0pt; border-right: solid windowtext 1.0pt; padding: 0cm 5.4pt 0cm 5.4pt;\" width=\"353\">\n<p style=\"margin-bottom: .0001pt; line-height: normal;\"><strong>Direcci\u00f3 del responsable<\/strong><\/p>\n<\/td>\n<td style=\"width: 211.85pt; border-top: none; border-left: none; border-bottom: solid windowtext 1.0pt; border-right: solid windowtext 1.5pt; padding: 0cm 5.4pt 0cm 5.4pt;\" width=\"353\">\n<p style=\"margin-bottom: .0001pt; line-height: normal;\">C\/ Lle\u00f3 XIII, 12, CP 08022, BARCELONA (Barcelona)<\/p>\n<\/td>\n<\/tr>\n<tr>\n<td style=\"width: 211.85pt; border-top: none; border-left: solid windowtext 1.5pt; border-bottom: solid windowtext 1.0pt; border-right: solid windowtext 1.0pt; padding: 0cm 5.4pt 0cm 5.4pt;\" width=\"353\">\n<p style=\"margin-bottom: .0001pt; line-height: normal;\"><strong>Finalitat<\/strong><\/p>\n<\/td>\n<td style=\"width: 211.85pt; border-top: none; border-left: none; border-bottom: solid windowtext 1.0pt; border-right: solid windowtext 1.5pt; padding: 0cm 5.4pt 0cm 5.4pt;\" width=\"353\">\n<p style=\"margin-bottom: .0001pt; line-height: normal;\">Les seves dades seran usades per poder atendre les seves sol\u00b7licituds i prestar-li els nostres serveis.<\/p>\n<\/td>\n<\/tr>\n<tr>\n<td style=\"width: 211.85pt; border-top: none; border-left: solid windowtext 1.5pt; border-bottom: solid windowtext 1.0pt; border-right: solid windowtext 1.0pt; padding: 0cm 5.4pt 0cm 5.4pt;\" width=\"353\">\n<p style=\"margin-bottom: .0001pt; line-height: normal;\"><strong>Publicitat<\/strong><\/p>\n<\/td>\n<td style=\"width: 211.85pt; border-top: none; border-left: none; border-bottom: solid windowtext 1.0pt; border-right: solid windowtext 1.5pt; padding: 0cm 5.4pt 0cm 5.4pt;\" width=\"353\">\n<p style=\"margin-bottom: .0001pt; line-height: normal;\">Solament li enviarem publicitat amb la seva autoritzaci\u00f3 pr\u00e8via, que podr\u00e0 facilitar-nos mitjan\u00e7ant la casella corresponent establerta a aquest efecte.<\/p>\n<\/td>\n<\/tr>\n<tr>\n<td style=\"width: 211.85pt; border-top: none; border-left: solid windowtext 1.5pt; border-bottom: solid windowtext 1.0pt; border-right: solid windowtext 1.0pt; padding: 0cm 5.4pt 0cm 5.4pt;\" width=\"353\">\n<p style=\"margin-bottom: .0001pt; line-height: normal;\"><strong>Legitimaci\u00f3<\/strong><\/p>\n<\/td>\n<td style=\"width: 211.85pt; border-top: none; border-left: none; border-bottom: solid windowtext 1.0pt; border-right: solid windowtext 1.5pt; padding: 0cm 5.4pt 0cm 5.4pt;\" width=\"353\">\n<p style=\"margin-bottom: .0001pt; line-height: normal;\">\u00danicament tractarem les seves dades amb el seu consentiment previ, que podr\u00e0 facilitar-nos mitjan\u00e7ant la casella corresponent establerta a aquest efecte.<\/p>\n<\/td>\n<\/tr>\n<tr>\n<td style=\"width: 211.85pt; border-top: none; border-left: solid windowtext 1.5pt; border-bottom: solid windowtext 1.0pt; border-right: solid windowtext 1.0pt; padding: 0cm 5.4pt 0cm 5.4pt;\" width=\"353\">\n<p style=\"margin-bottom: .0001pt; line-height: normal;\"><strong>Destinataris<\/strong><\/p>\n<\/td>\n<td style=\"width: 211.85pt; border-top: none; border-left: none; border-bottom: solid windowtext 1.0pt; border-right: solid windowtext 1.5pt; padding: 0cm 5.4pt 0cm 5.4pt;\" width=\"353\">\n<p style=\"margin-bottom: .0001pt; line-height: normal;\">Amb car\u00e0cter general, nom\u00e9s el personal de la nostra entitat que estigui degudament autoritzat podr\u00e0 tenir coneixement de la informaci\u00f3 que li demanem.<\/p>\n<\/td>\n<\/tr>\n<tr>\n<td style=\"width: 211.85pt; border-top: none; border-left: solid windowtext 1.5pt; border-bottom: solid windowtext 1.0pt; border-right: solid windowtext 1.0pt; padding: 0cm 5.4pt 0cm 5.4pt;\" width=\"353\">\n<p style=\"margin-bottom: .0001pt; line-height: normal;\"><strong>Drets<\/strong><\/p>\n<\/td>\n<td style=\"width: 211.85pt; border-top: none; border-left: none; border-bottom: solid windowtext 1.0pt; border-right: solid windowtext 1.5pt; padding: 0cm 5.4pt 0cm 5.4pt;\" width=\"353\">\n<p style=\"margin-bottom: .0001pt; line-height: normal;\">T\u00e9 dret a saber que informaci\u00f3 tenim sobre vost\u00e8, corregir-la i eliminar-la, tal com s&#8217;explica en la informaci\u00f3 addicional disponible a la nostra p\u00e0gina web.<\/p>\n<\/td>\n<\/tr>\n<tr>\n<td style=\"width: 211.85pt; border-top: none; border-left: solid windowtext 1.5pt; border-bottom: solid windowtext 1.5pt; border-right: solid windowtext 1.0pt; padding: 0cm 5.4pt 0cm 5.4pt;\" width=\"353\">\n<p style=\"margin-bottom: .0001pt; line-height: normal;\"><strong>Informaci\u00f3 addicional<\/strong><\/p>\n<\/td>\n<td style=\"width: 211.85pt; border-top: none; border-left: none; border-bottom: solid windowtext 1.5pt; border-right: solid windowtext 1.5pt; padding: 0cm 5.4pt 0cm 5.4pt;\" width=\"353\">\n<p style=\"margin-bottom: .0001pt; line-height: normal;\">M\u00e9s informaci\u00f3 a l&#8217;apartat <strong>&#8220;LES SEVES DADES SEGURES&#8221;<\/strong> de la nostra p\u00e0gina web.<\/p>\n<\/td>\n<\/tr>\n<\/tbody>\n<\/table>\n<p>\n<\/div><p class=\"hidden\"><input type=\"text\" name=\"avia_9_1\" class=\"hidden \" id=\"avia_9_1\" value=\"\" \/><\/p><p class='   form_element form_fullwidth' id='element_avia_10_1'><span class='value_verifier_label'>0 + 1 = ?<\/span><input name=\"avia_10_1_verifier\" type=\"hidden\" id=\"avia_10_1_verifier\" value=\"318177517\"\/><label for=\"avia_10_1\">Per a m\u00e9s seguretat, respon la seg\u00fcent pregunta <abbr class=\"required\" title=\"obligatori\">*<\/abbr><\/label><input name=\"avia_10_1\" class=\"text_input captcha\" type=\"text\" id=\"avia_10_1\" value=\"\"\/><\/p><p class=\"form_element \"><input type=\"hidden\" value=\"1\" name=\"avia_generated_form1\" \/><input type=\"submit\" value=\"Enviar\" class=\"button\"  data-sending-label=\"Enviant\"\/><\/p><\/fieldset><\/form><div id=\"ajaxresponse_1\" class=\"ajaxresponse ajaxresponse_1 hidden\"><\/div><\/div>\n<style type=\"text\/css\" data-created_by=\"avia_inline_auto\" id=\"style-css-av-av_one_full-9497bbf8bff73ea4c6992cc17fa9ec36\">\n.flex_column.av-av_one_full-9497bbf8bff73ea4c6992cc17fa9ec36{\n-webkit-border-radius:0px 0px 0px 0px;\n-moz-border-radius:0px 0px 0px 0px;\nborder-radius:0px 0px 0px 0px;\npadding:0px 0px 0px 0px;\n}\n<\/style>\n<div  class='flex_column av-av_one_full-9497bbf8bff73ea4c6992cc17fa9ec36 av_one_full  avia-builder-el-5  el_after_av_two_fifth  avia-builder-el-last  first flex_column_div av-zero-column-padding  '     ><\/div><\/p>\n","protected":false},"excerpt":{"rendered":"","protected":false},"author":1,"featured_media":0,"parent":0,"menu_order":700,"comment_status":"closed","ping_status":"open","template":"","meta":[],"_links":{"self":[{"href":"https:\/\/academysantaclaus.com\/ca\/wp-json\/wp\/v2\/pages\/421"}],"collection":[{"href":"https:\/\/academysantaclaus.com\/ca\/wp-json\/wp\/v2\/pages"}],"about":[{"href":"https:\/\/academysantaclaus.com\/ca\/wp-json\/wp\/v2\/types\/page"}],"author":[{"embeddable":true,"href":"https:\/\/academysantaclaus.com\/ca\/wp-json\/wp\/v2\/users\/1"}],"replies":[{"embeddable":true,"href":"https:\/\/academysantaclaus.com\/ca\/wp-json\/wp\/v2\/comments?post=421"}],"version-history":[{"count":10,"href":"https:\/\/academysantaclaus.com\/ca\/wp-json\/wp\/v2\/pages\/421\/revisions"}],"predecessor-version":[{"id":6637,"href":"https:\/\/academysantaclaus.com\/ca\/wp-json\/wp\/v2\/pages\/421\/revisions\/6637"}],"wp:attachment":[{"href":"https:\/\/academysantaclaus.com\/ca\/wp-json\/wp\/v2\/media?parent=421"}],"curies":[{"name":"wp","href":"https:\/\/api.w.org\/{rel}","templated":true}]}}