{"id":6640,"date":"2018-08-13T20:13:09","date_gmt":"2018-08-13T18:13:09","guid":{"rendered":"https:\/\/academysantaclaus.com\/ca\/?page_id=6640"},"modified":"2018-08-13T20:13:09","modified_gmt":"2018-08-13T18:13:09","slug":"politica-proteccio-dades","status":"publish","type":"page","link":"https:\/\/academysantaclaus.com\/ca\/politica-proteccio-dades\/","title":{"rendered":"Pol\u00edtica de protecci\u00f3 de dades"},"content":{"rendered":"<div style=\"margin: 0px 35px 0px 35px;\">\n<h1>Pol\u00edtica de protecci\u00f3 de dades<\/h1>\n<p>L&#8217;Adre\u00e7a \/ \u00d2rgan de Govern de ACADEMIA SANTA CLAUS S.A. (d&#8217;ara endavant, el responsable del tractament), assumeix la m\u00e0xima responsabilitat i comprom\u00eds amb l&#8217;establiment, implementaci\u00f3 i manteniment de la present Pol\u00edtica de Protecci\u00f3 de Dades, garantint la millora cont\u00ednua del responsable del tractament amb l&#8217;objectiu d&#8217;aconseguir l&#8217;excel\u00b7l\u00e8ncia en relaci\u00f3 amb el compliment del Reglament (UE) 2016\/679 del Parlament Europeu i del Consell, de 27 d&#8217;abril de 2016, relatiu a la protecci\u00f3 de les persones f\u00edsiques pel que fa al tractament de dades personals i a la lliure circulaci\u00f3 d&#8217;aquestes dades i pel qual es deroga la Directiva 95\/46\/CE (Reglament general de protecci\u00f3 de dades) (DOUE L 119\/1, 04-05-2016), i de la normativa espanyola de protecci\u00f3 de dades de car\u00e0cter personal (Llei Org\u00e0nica, legislaci\u00f3 sectorial espec\u00edfica i les seves normes de desenvolupament).<\/p>\n<p>La Pol\u00edtica de Protecci\u00f3 de Dades de ACADEMIA SANTA CLAUS S.A. descansa en el principi de responsabilitat proactiva, segons el qual el responsable del tractament \u00e9s responsable del compliment del marc normatiu i jurisprudencial que governa aquesta Pol\u00edtica, i \u00e9s capa\u00e7 de demostrar-ho davant les autoritats de control competents.<\/p>\n<p>En tal sentit, el responsable del tractament es regir\u00e0 pels seg\u00fcents principis que han de servir a tot el seu personal com a guia i marc de refer\u00e8ncia en el tractament de dades personals:<\/p>\n<p>1. Protecci\u00f3 de dades des del disseny: el responsable del tractament aplicar\u00e0, tant al moment de determinar els mitjans de tractament com al moment del mateix tractament, mesures t\u00e8cniques i organitzatives apropiades, com la seudonimizaci\u00f3, concebudes per aplicar de forma efectiva els principis de protecci\u00f3 de dades, com la minimitzaci\u00f3 de dades, i integrar les garanties necess\u00e0ries en el tractament.<\/p>\n<p>2. Protecci\u00f3 de dades per defecte: el responsable del tractament aplicar\u00e0 les mesures t\u00e8cniques i organitzatives apropiades amb la intenci\u00f3 de garantir que, per defecte, solament siguin objecte de tractament de les dades personals que siguin necess\u00e0ries per a cada un dels dins espec\u00edfics del tractament. <\/p>\n<p>3. Protecci\u00f3 de dades en el cicle de vida de la informaci\u00f3: les mesures que garanteixin la protecci\u00f3 de les dades personals seran aplicables durant el cicle complet de la vida de la informaci\u00f3.<\/p>\n<p>4. Licitud, lleialtat i transpar\u00e8ncia: les dades personals seran tractats de manera l\u00edcita, lleial i transparent en relaci\u00f3 amb l&#8217;interessat.<\/p>\n<p>5. Limitaci\u00f3 de la finalitat: les dades personals seran recollits amb finalitats determinades, expl\u00edcits i leg\u00edtims, i no seran tractats ulteriorment de manera incompatible amb aquestes finalitats.<\/p>\n<p>6. Minimitzaci\u00f3 de dades: les dades personals seran adequats, pertinents i limitats al necessari en relaci\u00f3 amb les finalitats pels quals s\u00f3n tractats.<\/p>\n<p>7. Exactitud: les dades personals seran exactes i, si fos necessari, actualitzats; s&#8217;adoptaran totes les mesures raonables perqu\u00e8 se suprimeixin o rectifiquin sense dilaci\u00f3 les dades personals que siguin inexactes pel que fa a les finalitats pels quals es tracten.<\/p>\n<p>8. Limitaci\u00f3 del termini de conservaci\u00f3: les dades personals seran mantingudes de manera que es permeti la identificaci\u00f3 dels interessats durant no m\u00e9s del temps del necessari per a les finalitats del tractament de les dades personals.<\/p>\n<p>9. Integritat i confidencialitat: les dades personals seran tractats de tal manera que es garanteixi una seguretat adequada de les dades personals, inclosa la protecci\u00f3 contra el tractament no autoritzat o il\u00b7l\u00edcit i contra la seva p\u00e8rdua, destrucci\u00f3 o dany accidental, mitjan\u00e7ant l&#8217;aplicaci\u00f3 de mesures t\u00e8cniques o organitzatives apropiades.<\/p>\n<p>10. Informaci\u00f3 i formaci\u00f3: una de les claus per garantir la protecci\u00f3 de les dades personals \u00e9s la formaci\u00f3 i informaci\u00f3 que es faciliti al personal involucrat en el tractament d&#8217;aquests. Durant el cicle de vida de la informaci\u00f3, tot el personal amb acc\u00e9s a les dades ser\u00e0 convenientment format i informat sobre les seves obligacions en relaci\u00f3 amb el compliment de la normativa de protecci\u00f3 de dades.<\/p>\n<p>La Pol\u00edtica de Protecci\u00f3 de Dades de ACADEMIA SANTA CLAUS S.A. \u00e9s comunicada a tot el personal del responsable del tractament i posada a la disposici\u00f3 de totes les parts interessades. <\/p>\n<p>En la seva conseq\u00fc\u00e8ncia, la present Pol\u00edtica de Protecci\u00f3 de Dades involucra a tot el personal del responsable del tractament, que ha de con\u00e8ixer-la i assumir-la, considerant-la com a pr\u00f2pia, sent cada membre responsable d&#8217;aplicar-la i de verificar les normes de protecci\u00f3 de dades aplicables a la seva activitat, aix\u00ed com identificar i aportar les oportunitats de millora que consideri oportunes amb l&#8217;objectiu d&#8217;aconseguir l&#8217;excel\u00b7l\u00e8ncia en relaci\u00f3 amb el seu compliment.<\/p>\n<p>Aquesta Pol\u00edtica ser\u00e0 revisada per l&#8217;Adre\u00e7a \/ \u00d2rgan de Govern de ACADEMIA SANTA CLAUS S.A. tantes vegades com es consideri necessari, per adequar-se, a tot moment, a les disposicions vigents en mat\u00e8ria de protecci\u00f3 de dades de car\u00e0cter personal.<\/p>\n<\/div>\n","protected":false},"excerpt":{"rendered":"<p>Pol\u00edtica de protecci\u00f3 de dades L&#8217;Adre\u00e7a \/ \u00d2rgan de Govern de ACADEMIA SANTA CLAUS S.A. (d&#8217;ara endavant, el responsable del tractament), assumeix la m\u00e0xima responsabilitat i comprom\u00eds amb l&#8217;establiment, implementaci\u00f3 i manteniment de la present Pol\u00edtica de Protecci\u00f3 de Dades, garantint la millora cont\u00ednua del responsable del tractament amb l&#8217;objectiu d&#8217;aconseguir l&#8217;excel\u00b7l\u00e8ncia en relaci\u00f3 amb [&hellip;]<\/p>\n","protected":false},"author":1,"featured_media":0,"parent":0,"menu_order":990,"comment_status":"closed","ping_status":"closed","template":"","meta":[],"_links":{"self":[{"href":"https:\/\/academysantaclaus.com\/ca\/wp-json\/wp\/v2\/pages\/6640"}],"collection":[{"href":"https:\/\/academysantaclaus.com\/ca\/wp-json\/wp\/v2\/pages"}],"about":[{"href":"https:\/\/academysantaclaus.com\/ca\/wp-json\/wp\/v2\/types\/page"}],"author":[{"embeddable":true,"href":"https:\/\/academysantaclaus.com\/ca\/wp-json\/wp\/v2\/users\/1"}],"replies":[{"embeddable":true,"href":"https:\/\/academysantaclaus.com\/ca\/wp-json\/wp\/v2\/comments?post=6640"}],"version-history":[{"count":1,"href":"https:\/\/academysantaclaus.com\/ca\/wp-json\/wp\/v2\/pages\/6640\/revisions"}],"predecessor-version":[{"id":6645,"href":"https:\/\/academysantaclaus.com\/ca\/wp-json\/wp\/v2\/pages\/6640\/revisions\/6645"}],"wp:attachment":[{"href":"https:\/\/academysantaclaus.com\/ca\/wp-json\/wp\/v2\/media?parent=6640"}],"curies":[{"name":"wp","href":"https:\/\/api.w.org\/{rel}","templated":true}]}}