{"id":549,"date":"2016-11-05T14:30:15","date_gmt":"2016-11-05T12:30:15","guid":{"rendered":"https:\/\/academysantaclaus.com\/en\/?page_id=549"},"modified":"2016-11-05T16:03:20","modified_gmt":"2016-11-05T14:03:20","slug":"letter-from-the-founder","status":"publish","type":"page","link":"https:\/\/academysantaclaus.com\/en\/letter-from-the-founder\/","title":{"rendered":"Letter from the founder"},"content":{"rendered":"\n<style type=\"text\/css\" data-created_by=\"avia_inline_auto\" id=\"style-css-av-av_heading-3461c44ed737734ddacfe649d1c024b3\">\n#top .av-special-heading.av-av_heading-3461c44ed737734ddacfe649d1c024b3{\npadding-bottom:10px;\n}\nbody .av-special-heading.av-av_heading-3461c44ed737734ddacfe649d1c024b3 .av-special-heading-tag .heading-char{\nfont-size:25px;\n}\n.av-special-heading.av-av_heading-3461c44ed737734ddacfe649d1c024b3 .av-subheading{\nfont-size:15px;\n}\n<\/style>\n<div  class='av-special-heading av-av_heading-3461c44ed737734ddacfe649d1c024b3 av-special-heading-h1  avia-builder-el-0  el_before_av_heading  avia-builder-el-first '><h1 class='av-special-heading-tag'  itemprop=\"headline\"  >Carta de la fundadora<\/h1><div class=\"special-heading-border\"><div class=\"special-heading-inner-border\"><\/div><\/div><\/div>\n\n<style type=\"text\/css\" data-created_by=\"avia_inline_auto\" id=\"style-css-av-av_heading-0d3a7556aa5682a76675062a2496b214\">\n#top .av-special-heading.av-av_heading-0d3a7556aa5682a76675062a2496b214{\npadding-bottom:10px;\n}\nbody .av-special-heading.av-av_heading-0d3a7556aa5682a76675062a2496b214 .av-special-heading-tag .heading-char{\nfont-size:25px;\n}\n.av-special-heading.av-av_heading-0d3a7556aa5682a76675062a2496b214 .av-subheading{\nfont-size:15px;\n}\n<\/style>\n<div  class='av-special-heading av-av_heading-0d3a7556aa5682a76675062a2496b214 av-special-heading-h2  avia-builder-el-1  el_after_av_heading  el_before_av_three_fifth '><h2 class='av-special-heading-tag'  itemprop=\"headline\"  >\u00a1Bienvenidos a English Academy Santa Claus!<\/h2><div class=\"special-heading-border\"><div class=\"special-heading-inner-border\"><\/div><\/div><\/div>\n\n<style type=\"text\/css\" data-created_by=\"avia_inline_auto\" id=\"style-css-av-av_three_fifth-9497bbf8bff73ea4c6992cc17fa9ec36\">\n.flex_column.av-av_three_fifth-9497bbf8bff73ea4c6992cc17fa9ec36{\n-webkit-border-radius:0px 0px 0px 0px;\n-moz-border-radius:0px 0px 0px 0px;\nborder-radius:0px 0px 0px 0px;\npadding:0px 0px 0px 0px;\n}\n<\/style>\n<div  class='flex_column av-av_three_fifth-9497bbf8bff73ea4c6992cc17fa9ec36 av_three_fifth  avia-builder-el-2  el_after_av_heading  el_before_av_two_fifth  first flex_column_div av-zero-column-padding  '     ><p><section  class='av_textblock_section av-av_textblock-0366cc7376be6c9e82a3e9cc8987b64f '   itemscope=\"itemscope\" itemtype=\"https:\/\/schema.org\/CreativeWork\" ><div class='avia_textblock'  itemprop=\"text\" ><p>En el a\u00f1o 1965, lejos de mi pa\u00eds natal, quise dar a mis tres hijas una educaci\u00f3n lo m\u00e1s pr\u00f3xima a un sistema ingl\u00e9s y fund\u00e9 el colegio con un profundo car\u00e1cter familiar y brit\u00e1nico. Todo ello con la premisa de que durante los a\u00f1os de Educaci\u00f3n Infantil se llevase a cabo una inmersi\u00f3n total en la lengua inglesa para luego, en Educaci\u00f3n Primaria y con el curr\u00edculo establecido, adem\u00e1s de mantener un buen nivel de ingl\u00e9s, se ense\u00f1ara tanto el castellano como el catal\u00e1n.<\/p>\n<p>Los tres primeros a\u00f1os los pasamos en una casita en la calle Iradier y luego, con m\u00e1s alumnos, nos trasladamos al actual edificio en la calle Le\u00f3n XIII; casualmente fue el Papa Le\u00f3n XIII qui\u00e9n impuls\u00f3 la educaci\u00f3n general, as\u00ed que no pod\u00eda ser mejor ubicaci\u00f3n para el colegio.<\/p>\n<p>Tal es el car\u00e1cter familiar del colegio desde sus inicios que en la elecci\u00f3n del nombre participamos varios miembros de mi familia. San Nicol\u00e1s (Santa Claus) como patr\u00f3n de los ni\u00f1os se antojaba una opci\u00f3n id\u00f3nea para el nombre del colegio. English Academy respond\u00eda a nuestra alta especializaci\u00f3n en la lengua inglesa.<\/p>\n<p>Durante el primer festival de Navidad, Santa Claus lleg\u00f3 al colegio en un carruaje tirado por un caballo blanco (entonces a\u00fan se permit\u00eda) con su saco cargado de cuentos para todos los alumnos. Todav\u00eda hoy, medio siglo despu\u00e9s, fiel a su cita anual, sigue iluminando del mismo modo las caras de los m\u00e1s peque\u00f1os y del personal de English Academy Santa Claus.<\/p>\n<p>El principal objetivo es la ense\u00f1anza en ingl\u00e9s, pero sin olvidar disciplinas como el arte, la m\u00fasica, el teatro y las ciencias. Igualmente prestando especial atenci\u00f3n a nuestros valores como la honestidad, la solidaridad, la comprensi\u00f3n, el respeto por los dem\u00e1s, el esfuerzo y la disciplina.<\/p>\n<p>En la etapa de Educaci\u00f3n Infantil y como parte del m\u00e9todo de ense\u00f1anza del colegio, me pareci\u00f3 importante que los profesores fomentaran en los ni\u00f1os el valor de las rutinas, la escucha activa, el buen comportamiento, la comprensi\u00f3n y el perd\u00f3n.<\/p>\n<p>Todos estos valores unidos al aprendizaje de idiomas y a los est\u00edmulos escolares desde una edad temprana, no s\u00f3lo ayuda al desarrollo cerebral sino que tambi\u00e9n es un veh\u00edculo para acceder con \u00e9xito a otras formaciones acad\u00e9micas, al mundo laboral, a la vida en general y a la comprensi\u00f3n del entorno y de las personas.<\/p>\n<p>En las visitas que hacemos anualmente al Reino Unido, los alumnos tienen la oportunidad de poner en pr\u00e1ctica lo aprendido en un entorno y en una cultura distintos.<\/p>\n<p>Muchos de nuestros ex alumnos comparten conmigo y con los alumnos sus logros en los diferentes campos que han elegido. Esto me hace sentir muy feliz y orgullosa!<\/p>\n<p>Del mismo modo, es una satisfacci\u00f3n para mi y para todo el equipo de EASC constatar que los alumnos son ni\u00f1os y ni\u00f1as felices cuando est\u00e1n en el colegio.<\/p>\n<p><span lang=\"ES-TRAD\">\u00a1Bienvenidos a English Academy Santa Claus!<\/span><\/p>\n<\/div><\/section><br \/>\n\n<style type=\"text\/css\" data-created_by=\"avia_inline_auto\" id=\"style-css-av-av_image-a08cb76217dc4f68f1f6f1be01537b1c\">\n.avia-image-container.av-av_image-a08cb76217dc4f68f1f6f1be01537b1c img.avia_image{\nbox-shadow:none;\n}\n.avia-image-container.av-av_image-a08cb76217dc4f68f1f6f1be01537b1c .av-image-caption-overlay-center{\ncolor:#ffffff;\n}\n<\/style>\n<div  class='avia-image-container av-av_image-a08cb76217dc4f68f1f6f1be01537b1c av-styling- avia-align-center  avia-builder-el-4  el_after_av_textblock  el_before_av_textblock '   itemprop=\"image\" itemscope=\"itemscope\" itemtype=\"https:\/\/schema.org\/ImageObject\" ><div class=\"avia-image-container-inner\"><div class=\"avia-image-overlay-wrap\"><img decoding=\"async\" class='wp-image-582 avia-img-lazy-loading-not-582 avia_image ' src=\"https:\/\/academysantaclaus.com\/wp-content\/uploads\/2016\/09\/firma-granny-300x142.png\" alt='' title=''  height=\"142\" width=\"300\"  itemprop=\"thumbnailUrl\" srcset=\"https:\/\/academysantaclaus.com\/wp-content\/uploads\/2016\/09\/firma-granny-300x142.png 300w, https:\/\/academysantaclaus.com\/wp-content\/uploads\/2016\/09\/firma-granny-450x213.png 450w, https:\/\/academysantaclaus.com\/wp-content\/uploads\/2016\/09\/firma-granny.png 654w\" sizes=\"(max-width: 300px) 100vw, 300px\" \/><\/div><\/div><\/div><br \/>\n<section  class='av_textblock_section av-av_textblock-0366cc7376be6c9e82a3e9cc8987b64f '   itemscope=\"itemscope\" itemtype=\"https:\/\/schema.org\/CreativeWork\" ><div class='avia_textblock'  itemprop=\"text\" ><p style=\"text-align: center;\">Barcelona, junio 2015<\/p>\n<\/div><\/section><br \/>\n\n<style type=\"text\/css\" data-created_by=\"avia_inline_auto\" id=\"style-css-av-av_hr-5ea7596238ed9f191e6b5e662093052f\">\n#top .hr.hr-invisible.av-av_hr-5ea7596238ed9f191e6b5e662093052f{\nheight:30px;\n}\n<\/style>\n<div  class='hr av-av_hr-5ea7596238ed9f191e6b5e662093052f hr-invisible  avia-builder-el-6  el_after_av_textblock  el_before_av_button '><span class='hr-inner '><span class=\"hr-inner-style\"><\/span><\/span><\/div><br \/>\n<div  class='avia-button-wrap av-av_button-3bdffb935f63c82a48dd76f6830bdf3c-wrap avia-button-center  avia-builder-el-7  el_after_av_hr  avia-builder-el-last '><a href='https:\/\/academysantaclaus.com\/proyecto-educativo\/'  class='avia-button av-av_button-3bdffb935f63c82a48dd76f6830bdf3c avia-icon_select-no avia-size-large avia-position-center avia-color-theme-color'  ><span class='avia_iconbox_title' >Proyecto educativo<\/span><\/a><\/div><\/p><\/div>\n<style type=\"text\/css\" data-created_by=\"avia_inline_auto\" id=\"style-css-av-av_two_fifth-9c1d454dc06f7247226bc4e8f931daae\">\n.flex_column.av-av_two_fifth-9c1d454dc06f7247226bc4e8f931daae{\n-webkit-border-radius:0px 0px 0px 0px;\n-moz-border-radius:0px 0px 0px 0px;\nborder-radius:0px 0px 0px 0px;\npadding:0px 0px 0px 0px;\n}\n<\/style>\n<div  class='flex_column av-av_two_fifth-9c1d454dc06f7247226bc4e8f931daae av_two_fifth  avia-builder-el-8  el_after_av_three_fifth  avia-builder-el-last  flex_column_div av-zero-column-padding  '     ><p>\n<style type=\"text\/css\" data-created_by=\"avia_inline_auto\" id=\"style-css-av-av_image-583d0af07bbbff36d054c1d82fdc38b5\">\n.avia-image-container.av-av_image-583d0af07bbbff36d054c1d82fdc38b5 img.avia_image{\nbox-shadow:none;\n}\n.avia-image-container.av-av_image-583d0af07bbbff36d054c1d82fdc38b5 .av-image-caption-overlay-center{\ncolor:#ffffff;\n}\n<\/style>\n<div  class='avia-image-container av-av_image-583d0af07bbbff36d054c1d82fdc38b5 av-styling- avia-align-center  avia-builder-el-9  el_before_av_image  avia-builder-el-first '   itemprop=\"image\" itemscope=\"itemscope\" itemtype=\"https:\/\/schema.org\/ImageObject\" ><div class=\"avia-image-container-inner\"><div class=\"avia-image-overlay-wrap\"><img decoding=\"async\" class='wp-image-581 avia-img-lazy-loading-not-581 avia_image ' src=\"https:\/\/academysantaclaus.com\/wp-content\/uploads\/2016\/09\/foto-fundadora.jpg\" alt='' title=''  height=\"1280\" width=\"1280\"  itemprop=\"thumbnailUrl\" srcset=\"https:\/\/academysantaclaus.com\/wp-content\/uploads\/2016\/09\/foto-fundadora.jpg 1280w, https:\/\/academysantaclaus.com\/wp-content\/uploads\/2016\/09\/foto-fundadora-80x80.jpg 80w, https:\/\/academysantaclaus.com\/wp-content\/uploads\/2016\/09\/foto-fundadora-300x300.jpg 300w, https:\/\/academysantaclaus.com\/wp-content\/uploads\/2016\/09\/foto-fundadora-768x768.jpg 768w, https:\/\/academysantaclaus.com\/wp-content\/uploads\/2016\/09\/foto-fundadora-1030x1030.jpg 1030w, https:\/\/academysantaclaus.com\/wp-content\/uploads\/2016\/09\/foto-fundadora-36x36.jpg 36w, https:\/\/academysantaclaus.com\/wp-content\/uploads\/2016\/09\/foto-fundadora-180x180.jpg 180w, https:\/\/academysantaclaus.com\/wp-content\/uploads\/2016\/09\/foto-fundadora-705x705.jpg 705w, https:\/\/academysantaclaus.com\/wp-content\/uploads\/2016\/09\/foto-fundadora-120x120.jpg 120w, https:\/\/academysantaclaus.com\/wp-content\/uploads\/2016\/09\/foto-fundadora-450x450.jpg 450w\" sizes=\"(max-width: 1280px) 100vw, 1280px\" \/><\/div><\/div><\/div><br \/>\n\n<style type=\"text\/css\" data-created_by=\"avia_inline_auto\" id=\"style-css-av-av_image-5931febfe91207689485e99a4cb9d8b5\">\n.avia-image-container.av-av_image-5931febfe91207689485e99a4cb9d8b5 img.avia_image{\nbox-shadow:none;\n}\n.avia-image-container.av-av_image-5931febfe91207689485e99a4cb9d8b5 .av-image-caption-overlay-center{\ncolor:#ffffff;\n}\n<\/style>\n<div  class='avia-image-container av-av_image-5931febfe91207689485e99a4cb9d8b5 av-styling- avia-align-center  avia-builder-el-10  el_after_av_image  avia-builder-el-last '   itemprop=\"image\" itemscope=\"itemscope\" itemtype=\"https:\/\/schema.org\/ImageObject\" ><div class=\"avia-image-container-inner\"><div class=\"avia-image-overlay-wrap\"><img decoding=\"async\" class='wp-image-583 avia-img-lazy-loading-not-583 avia_image ' src=\"https:\/\/academysantaclaus.com\/wp-content\/uploads\/2016\/09\/fotos-fundadora-web.jpeg\" alt='' title=''  height=\"1488\" width=\"1022\"  itemprop=\"thumbnailUrl\" srcset=\"https:\/\/academysantaclaus.com\/wp-content\/uploads\/2016\/09\/fotos-fundadora-web.jpeg 1022w, https:\/\/academysantaclaus.com\/wp-content\/uploads\/2016\/09\/fotos-fundadora-web-206x300.jpeg 206w, https:\/\/academysantaclaus.com\/wp-content\/uploads\/2016\/09\/fotos-fundadora-web-768x1118.jpeg 768w, https:\/\/academysantaclaus.com\/wp-content\/uploads\/2016\/09\/fotos-fundadora-web-707x1030.jpeg 707w, https:\/\/academysantaclaus.com\/wp-content\/uploads\/2016\/09\/fotos-fundadora-web-484x705.jpeg 484w, https:\/\/academysantaclaus.com\/wp-content\/uploads\/2016\/09\/fotos-fundadora-web-450x655.jpeg 450w\" sizes=\"(max-width: 1022px) 100vw, 1022px\" \/><\/div><\/div><\/div><\/p><\/div><\/p>\n","protected":false},"excerpt":{"rendered":"","protected":false},"author":1,"featured_media":0,"parent":0,"menu_order":140,"comment_status":"closed","ping_status":"closed","template":"","meta":[],"_links":{"self":[{"href":"https:\/\/academysantaclaus.com\/en\/wp-json\/wp\/v2\/pages\/549"}],"collection":[{"href":"https:\/\/academysantaclaus.com\/en\/wp-json\/wp\/v2\/pages"}],"about":[{"href":"https:\/\/academysantaclaus.com\/en\/wp-json\/wp\/v2\/types\/page"}],"author":[{"embeddable":true,"href":"https:\/\/academysantaclaus.com\/en\/wp-json\/wp\/v2\/users\/1"}],"replies":[{"embeddable":true,"href":"https:\/\/academysantaclaus.com\/en\/wp-json\/wp\/v2\/comments?post=549"}],"version-history":[{"count":2,"href":"https:\/\/academysantaclaus.com\/en\/wp-json\/wp\/v2\/pages\/549\/revisions"}],"predecessor-version":[{"id":666,"href":"https:\/\/academysantaclaus.com\/en\/wp-json\/wp\/v2\/pages\/549\/revisions\/666"}],"wp:attachment":[{"href":"https:\/\/academysantaclaus.com\/en\/wp-json\/wp\/v2\/media?parent=549"}],"curies":[{"name":"wp","href":"https:\/\/api.w.org\/{rel}","templated":true}]}}