{"id":562,"date":"2016-11-05T14:30:32","date_gmt":"2016-11-05T12:30:32","guid":{"rendered":"https:\/\/academysantaclaus.com\/en\/?page_id=562"},"modified":"2018-08-13T20:01:15","modified_gmt":"2018-08-13T18:01:15","slug":"contact","status":"publish","type":"page","link":"https:\/\/academysantaclaus.com\/en\/contact\/","title":{"rendered":"Contact"},"content":{"rendered":"<div  class='flex_column av-av_one_fifth-2a9015ff38129c418a3f2eafba3e9512 av_one_fifth  avia-builder-el-0  el_before_av_one_third  avia-builder-el-first  first flex_column_div  '     ><\/div>\n\n<style type=\"text\/css\" data-created_by=\"avia_inline_auto\" id=\"style-css-av-av_one_third-9c1d454dc06f7247226bc4e8f931daae\">\n.flex_column.av-av_one_third-9c1d454dc06f7247226bc4e8f931daae{\n-webkit-border-radius:0px 0px 0px 0px;\n-moz-border-radius:0px 0px 0px 0px;\nborder-radius:0px 0px 0px 0px;\npadding:0px 0px 0px 0px;\n}\n<\/style>\n<div  class='flex_column av-av_one_third-9c1d454dc06f7247226bc4e8f931daae av_one_third  avia-builder-el-1  el_after_av_one_fifth  el_before_av_two_fifth  flex_column_div av-zero-column-padding  '     ><\/div>\n\n<style type=\"text\/css\" data-created_by=\"avia_inline_auto\" id=\"style-css-av-av_two_fifth-9c1d454dc06f7247226bc4e8f931daae\">\n.flex_column.av-av_two_fifth-9c1d454dc06f7247226bc4e8f931daae{\n-webkit-border-radius:0px 0px 0px 0px;\n-moz-border-radius:0px 0px 0px 0px;\nborder-radius:0px 0px 0px 0px;\npadding:0px 0px 0px 0px;\n}\n<\/style>\n<div  class='flex_column av-av_two_fifth-9c1d454dc06f7247226bc4e8f931daae av_two_fifth  avia-builder-el-3  el_after_av_one_third  el_before_av_one_full  flex_column_div av-zero-column-padding  '     ><form action=\"https:\/\/academysantaclaus.com\/en\/contact\/\" method=\"post\" data-fields-with-error=\"Found errors in the following field(s):\" class=\"avia_ajax_form av-form-labels-visible   avia-builder-el-4  avia-builder-el-no-sibling   \" data-avia-form-id=\"1\" data-avia-redirect='' ><h3 class=''>Contact Us<\/h3><fieldset><p class='  first_form  form_element form_fullwidth' id='element_avia_1_1'><label for=\"avia_1_1\">Name <abbr class=\"required\" title=\"required\">*<\/abbr><\/label> <input name=\"avia_1_1\" class=\"text_input is_empty\" type=\"text\" id=\"avia_1_1\" value=\"\" \/><\/p><p class='  first_form  form_element form_fullwidth' id='element_avia_2_1'><label for=\"avia_2_1\">Phone <abbr class=\"required\" title=\"required\">*<\/abbr><\/label> <input name=\"avia_2_1\" class=\"text_input is_empty\" type=\"text\" id=\"avia_2_1\" value=\"\" \/><\/p><p class='  first_form  form_element form_fullwidth' id='element_avia_3_1'><label for=\"avia_3_1\">E-mail <abbr class=\"required\" title=\"required\">*<\/abbr><\/label> <input name=\"avia_3_1\" class=\"text_input is_email\" type=\"text\" id=\"avia_3_1\" value=\"\" \/><\/p><p class='  first_form  form_element form_fullwidth' id='element_avia_4_1'><label for=\"avia_4_1\">Subject <abbr class=\"required\" title=\"required\">*<\/abbr><\/label> <input name=\"avia_4_1\" class=\"text_input is_empty\" type=\"text\" id=\"avia_4_1\" value=\"\" \/><\/p><p class='  first_form  form_element form_fullwidth' id='element_avia_5_1'><label for=\"avia_5_1\" class=\"textare_label hidden textare_label_avia_5_1\">Message <abbr class=\"required\" title=\"required\">*<\/abbr><\/label><textarea  name=\"avia_5_1\" class=\"text_area is_empty\" cols=\"40\" rows=\"7\" id=\"avia_5_1\" ><\/textarea><\/p><p class='  first_form  form_element form_fullwidth' id='element_avia_6_1'><input  name=\"avia_6_1\" class=\"input_checkbox is_empty\" type=\"checkbox\" id=\"avia_6_1\" value=\"true\"\/><label class=\"input_checkbox_label\" for=\"avia_6_1\"> I consent the use of my data for the purposes indicated in the privacy policy \"<a href=\"https:\/\/academysantaclaus.com\/en\/privacy-policy\/\" target=\"_blank\">YOUR SECURE DATA<\/a>\". <abbr class=\"required\" title=\"required\">*<\/abbr><\/label><\/p><p class='  first_form  form_element form_fullwidth' id='element_avia_7_1'><input  name=\"avia_7_1\" class=\"input_checkbox \" type=\"checkbox\" id=\"avia_7_1\" value=\"true\"\/><label class=\"input_checkbox_label\" for=\"avia_7_1\">I consent the use of my personal data to receive advertising from your entity.<\/label><\/p><div id='avia_8_1' class='av-form-text'><\/p>\n<table class=\"fondolila\" style=\"border-collapse: collapse; border: none; background: transparent;\">\n<tbody>\n<tr>\n<td style=\"width: 423.7pt; border: solid windowtext 1.5pt; border-bottom: solid windowtext 1.0pt; padding: 0cm 5.4pt 0cm 5.4pt;\" colspan=\"2\" width=\"706\">\n<p style=\"margin-bottom: .0001pt; text-align: center; line-height: normal;\"><strong>INFORMACI\u00d3N B\u00c1SICA SOBRE PROTECCI\u00d3N DE DATOS<\/strong><\/p>\n<\/td>\n<\/tr>\n<tr>\n<td style=\"width: 211.85pt; border-top: none; border-left: solid windowtext 1.5pt; border-bottom: solid windowtext 1.0pt; border-right: solid windowtext 1.0pt; padding: 0cm 5.4pt 0cm 5.4pt;\" width=\"353\">\n<p style=\"margin-bottom: .0001pt; line-height: normal;\"><strong>Responsible for the treatment<\/strong><\/p>\n<\/td>\n<td style=\"width: 211.85pt; border-top: none; border-left: none; border-bottom: solid windowtext 1.0pt; border-right: solid windowtext 1.5pt; padding: 0cm 5.4pt 0cm 5.4pt;\" width=\"353\">\n<p style=\"margin-bottom: .0001pt; line-height: normal;\">ACADEMIA SANTA CLAUS S.A.<\/p>\n<\/td>\n<\/tr>\n<tr>\n<td style=\"width: 211.85pt; border-top: none; border-left: solid windowtext 1.5pt; border-bottom: solid windowtext 1.0pt; border-right: solid windowtext 1.0pt; padding: 0cm 5.4pt 0cm 5.4pt;\" width=\"353\">\n<p style=\"margin-bottom: .0001pt; line-height: normal;\"><strong>Director\u2018s Address<\/strong><\/p>\n<\/td>\n<td style=\"width: 211.85pt; border-top: none; border-left: none; border-bottom: solid windowtext 1.0pt; border-right: solid windowtext 1.5pt; padding: 0cm 5.4pt 0cm 5.4pt;\" width=\"353\">\n<p style=\"margin-bottom: .0001pt; line-height: normal;\">C\/ Lle\u00f3 XIII, 12, CP 08022, BARCELONA (Barcelona)<\/p>\n<\/td>\n<\/tr>\n<tr>\n<td style=\"width: 211.85pt; border-top: none; border-left: solid windowtext 1.5pt; border-bottom: solid windowtext 1.0pt; border-right: solid windowtext 1.0pt; padding: 0cm 5.4pt 0cm 5.4pt;\" width=\"353\">\n<p style=\"margin-bottom: .0001pt; line-height: normal;\"><strong>Purpose<\/strong><\/p>\n<\/td>\n<td style=\"width: 211.85pt; border-top: none; border-left: none; border-bottom: solid windowtext 1.0pt; border-right: solid windowtext 1.5pt; padding: 0cm 5.4pt 0cm 5.4pt;\" width=\"353\">\n<p style=\"margin-bottom: .0001pt; line-height: normal;\">Your data will be used to meet your requests and provide our services.<\/p>\n<\/td>\n<\/tr>\n<tr>\n<td style=\"width: 211.85pt; border-top: none; border-left: solid windowtext 1.5pt; border-bottom: solid windowtext 1.0pt; border-right: solid windowtext 1.0pt; padding: 0cm 5.4pt 0cm 5.4pt;\" width=\"353\">\n<p style=\"margin-bottom: .0001pt; line-height: normal;\"><strong>Advertising<\/strong><\/p>\n<\/td>\n<td style=\"width: 211.85pt; border-top: none; border-left: none; border-bottom: solid windowtext 1.0pt; border-right: solid windowtext 1.5pt; padding: 0cm 5.4pt 0cm 5.4pt;\" width=\"353\">\n<p style=\"margin-bottom: .0001pt; line-height: normal;\">We will only send you advertising with your prior authorization, which you can provide us through the corresponding box established for that purpose.<\/p>\n<\/td>\n<\/tr>\n<tr>\n<td style=\"width: 211.85pt; border-top: none; border-left: solid windowtext 1.5pt; border-bottom: solid windowtext 1.0pt; border-right: solid windowtext 1.0pt; padding: 0cm 5.4pt 0cm 5.4pt;\" width=\"353\">\n<p style=\"margin-bottom: .0001pt; line-height: normal;\"><strong>Legitimation<\/strong><\/p>\n<\/td>\n<td style=\"width: 211.85pt; border-top: none; border-left: none; border-bottom: solid windowtext 1.0pt; border-right: solid windowtext 1.5pt; padding: 0cm 5.4pt 0cm 5.4pt;\" width=\"353\">\n<p style=\"margin-bottom: .0001pt; line-height: normal;\">We will only process your data with your prior consent, which you can provide us through the corresponding box established for that purpose.<\/p>\n<\/td>\n<\/tr>\n<tr>\n<td style=\"width: 211.85pt; border-top: none; border-left: solid windowtext 1.5pt; border-bottom: solid windowtext 1.0pt; border-right: solid windowtext 1.0pt; padding: 0cm 5.4pt 0cm 5.4pt;\" width=\"353\">\n<p style=\"margin-bottom: .0001pt; line-height: normal;\"><strong>Recipient<\/strong><\/p>\n<\/td>\n<td style=\"width: 211.85pt; border-top: none; border-left: none; border-bottom: solid windowtext 1.0pt; border-right: solid windowtext 1.5pt; padding: 0cm 5.4pt 0cm 5.4pt;\" width=\"353\">\n<p style=\"margin-bottom: .0001pt; line-height: normal;\">In general, only the personnel of our entity that is duly authorized may have knowledge of the information that we request.<\/p>\n<\/td>\n<\/tr>\n<tr>\n<td style=\"width: 211.85pt; border-top: none; border-left: solid windowtext 1.5pt; border-bottom: solid windowtext 1.0pt; border-right: solid windowtext 1.0pt; padding: 0cm 5.4pt 0cm 5.4pt;\" width=\"353\">\n<p style=\"margin-bottom: .0001pt; line-height: normal;\"><strong>Rights<\/strong><\/p>\n<\/td>\n<td style=\"width: 211.85pt; border-top: none; border-left: none; border-bottom: solid windowtext 1.0pt; border-right: solid windowtext 1.5pt; padding: 0cm 5.4pt 0cm 5.4pt;\" width=\"353\">\n<p style=\"margin-bottom: .0001pt; line-height: normal;\">You have the right to know what information we have about you, correct it and eliminate it, as explained in the additional information available on our website.<\/p>\n<\/td>\n<\/tr>\n<tr>\n<td style=\"width: 211.85pt; border-top: none; border-left: solid windowtext 1.5pt; border-bottom: solid windowtext 1.5pt; border-right: solid windowtext 1.0pt; padding: 0cm 5.4pt 0cm 5.4pt;\" width=\"353\">\n<p style=\"margin-bottom: .0001pt; line-height: normal;\"><strong>Additional information<\/strong><\/p>\n<\/td>\n<td style=\"width: 211.85pt; border-top: none; border-left: none; border-bottom: solid windowtext 1.5pt; border-right: solid windowtext 1.5pt; padding: 0cm 5.4pt 0cm 5.4pt;\" width=\"353\">\n<p style=\"margin-bottom: .0001pt; line-height: normal;\">more information in the &#8220;YOUR SECURE DATA&#8221; section of our website.<\/p>\n<\/td>\n<\/tr>\n<\/tbody>\n<\/table>\n<p>\n<\/div><p class=\"hidden\"><input type=\"text\" name=\"avia_9_1\" class=\"hidden \" id=\"avia_9_1\" value=\"\" \/><\/p><p class='   form_element form_fullwidth' id='element_avia_10_1'><span class='value_verifier_label'>2 + 0 = ?<\/span><input name=\"avia_10_1_verifier\" type=\"hidden\" id=\"avia_10_1_verifier\" value=\"445652276\"\/><label for=\"avia_10_1\">Please prove that you are human by solving the equation <abbr class=\"required\" title=\"required\">*<\/abbr><\/label><input name=\"avia_10_1\" class=\"text_input captcha\" type=\"text\" id=\"avia_10_1\" value=\"\"\/><\/p><p class=\"form_element \"><input type=\"hidden\" value=\"1\" name=\"avia_generated_form1\" \/><input type=\"submit\" value=\"Send\" class=\"button\"  data-sending-label=\"Sending\"\/><\/p><\/fieldset><\/form><div id=\"ajaxresponse_1\" class=\"ajaxresponse ajaxresponse_1 hidden\"><\/div><\/div>\n<style type=\"text\/css\" data-created_by=\"avia_inline_auto\" id=\"style-css-av-av_one_full-9497bbf8bff73ea4c6992cc17fa9ec36\">\n.flex_column.av-av_one_full-9497bbf8bff73ea4c6992cc17fa9ec36{\n-webkit-border-radius:0px 0px 0px 0px;\n-moz-border-radius:0px 0px 0px 0px;\nborder-radius:0px 0px 0px 0px;\npadding:0px 0px 0px 0px;\n}\n<\/style>\n<div  class='flex_column av-av_one_full-9497bbf8bff73ea4c6992cc17fa9ec36 av_one_full  avia-builder-el-5  el_after_av_two_fifth  avia-builder-el-last  first flex_column_div av-zero-column-padding  '     ><\/div><\/p>\n","protected":false},"excerpt":{"rendered":"","protected":false},"author":1,"featured_media":0,"parent":0,"menu_order":700,"comment_status":"closed","ping_status":"open","template":"","meta":[],"_links":{"self":[{"href":"https:\/\/academysantaclaus.com\/en\/wp-json\/wp\/v2\/pages\/562"}],"collection":[{"href":"https:\/\/academysantaclaus.com\/en\/wp-json\/wp\/v2\/pages"}],"about":[{"href":"https:\/\/academysantaclaus.com\/en\/wp-json\/wp\/v2\/types\/page"}],"author":[{"embeddable":true,"href":"https:\/\/academysantaclaus.com\/en\/wp-json\/wp\/v2\/users\/1"}],"replies":[{"embeddable":true,"href":"https:\/\/academysantaclaus.com\/en\/wp-json\/wp\/v2\/comments?post=562"}],"version-history":[{"count":10,"href":"https:\/\/academysantaclaus.com\/en\/wp-json\/wp\/v2\/pages\/562\/revisions"}],"predecessor-version":[{"id":6632,"href":"https:\/\/academysantaclaus.com\/en\/wp-json\/wp\/v2\/pages\/562\/revisions\/6632"}],"wp:attachment":[{"href":"https:\/\/academysantaclaus.com\/en\/wp-json\/wp\/v2\/media?parent=562"}],"curies":[{"name":"wp","href":"https:\/\/api.w.org\/{rel}","templated":true}]}}