{"id":746,"date":"2016-11-08T17:00:24","date_gmt":"2016-11-08T15:00:24","guid":{"rendered":"https:\/\/academysantaclaus.com\/zh-hans\/?page_id=746"},"modified":"2016-12-14T16:46:59","modified_gmt":"2016-12-14T14:46:59","slug":"kao-shi","status":"publish","type":"page","link":"https:\/\/academysantaclaus.com\/zh-hans\/kao-shi\/","title":{"rendered":"\u8003\u8bd5"},"content":{"rendered":"\n<style type=\"text\/css\" data-created_by=\"avia_inline_auto\" id=\"style-css-av-av_heading-50d47a358af6b757ac79e5cf7b0e1ab3\">\n#top .av-special-heading.av-av_heading-50d47a358af6b757ac79e5cf7b0e1ab3{\npadding-bottom:10px;\n}\nbody .av-special-heading.av-av_heading-50d47a358af6b757ac79e5cf7b0e1ab3 .av-special-heading-tag .heading-char{\nfont-size:25px;\n}\n.av-special-heading.av-av_heading-50d47a358af6b757ac79e5cf7b0e1ab3 .av-subheading{\nfont-size:15px;\n}\n<\/style>\n<div  class='av-special-heading av-av_heading-50d47a358af6b757ac79e5cf7b0e1ab3 av-special-heading-h1  avia-builder-el-0  el_before_av_one_half  avia-builder-el-first '><h1 class='av-special-heading-tag'  itemprop=\"headline\"  >Ex\u00e1menes oficiales<\/h1><div class=\"special-heading-border\"><div class=\"special-heading-inner-border\"><\/div><\/div><\/div>\n\n<style type=\"text\/css\" data-created_by=\"avia_inline_auto\" id=\"style-css-av-av_one_half-9497bbf8bff73ea4c6992cc17fa9ec36\">\n.flex_column.av-av_one_half-9497bbf8bff73ea4c6992cc17fa9ec36{\n-webkit-border-radius:0px 0px 0px 0px;\n-moz-border-radius:0px 0px 0px 0px;\nborder-radius:0px 0px 0px 0px;\npadding:0px 0px 0px 0px;\n}\n<\/style>\n<div  class='flex_column av-av_one_half-9497bbf8bff73ea4c6992cc17fa9ec36 av_one_half  avia-builder-el-1  el_after_av_heading  el_before_av_two_fifth  first flex_column_div av-zero-column-padding  '     ><p><section  class='av_textblock_section av-av_textblock-0366cc7376be6c9e82a3e9cc8987b64f '   itemscope=\"itemscope\" itemtype=\"https:\/\/schema.org\/CreativeWork\" ><div class='avia_textblock'  itemprop=\"text\" ><p>Los ni\u00f1os y ni\u00f1as de 1\u00ba a 4\u00ba de Educaci\u00f3n Primaria se presentan a los ex\u00e1menes del Trinity College of London. En el Ciclo Superior, en 5\u00ba y 6\u00ba de Educaci\u00f3n Primaria, los estudiantes de examinan de los Cambridge Exams: KET (Key English Test) y PET (Preliminary English Test). Estamos orgullosos de los buenos resultados de nuestros alumnos\/as.<\/p>\n<p>Tanto en 3\u00ba como en 6\u00ba de Educaci\u00f3n Primaria, los ni\u00f1os y ni\u00f1as realizan las pruebas oficiales de la Generalitat de Catalunya con \u00e9xito.<\/p>\n<\/div><\/section><br \/>\n\n<style type=\"text\/css\" data-created_by=\"avia_inline_auto\" id=\"style-css-av-av_hr-5ea7596238ed9f191e6b5e662093052f\">\n#top .hr.hr-invisible.av-av_hr-5ea7596238ed9f191e6b5e662093052f{\nheight:30px;\n}\n<\/style>\n<div  class='hr av-av_hr-5ea7596238ed9f191e6b5e662093052f hr-invisible  avia-builder-el-3  el_after_av_textblock  el_before_av_button '><span class='hr-inner '><span class=\"hr-inner-style\"><\/span><\/span><\/div><br \/>\n<div  class='avia-button-wrap av-av_button-3d9f7fb305ca7c1ba37a3310af521f5d-wrap avia-button-center  avia-builder-el-4  el_after_av_hr  avia-builder-el-last '><a href='https:\/\/academysantaclaus.com\/servicios\/'  class='avia-button av-av_button-3d9f7fb305ca7c1ba37a3310af521f5d avia-icon_select-no avia-size-large avia-position-center avia-color-theme-color'  ><span class='avia_iconbox_title' >Servicios escolares<\/span><\/a><\/div><\/p><\/div>\n<style type=\"text\/css\" data-created_by=\"avia_inline_auto\" id=\"style-css-av-av_two_fifth-9c1d454dc06f7247226bc4e8f931daae\">\n.flex_column.av-av_two_fifth-9c1d454dc06f7247226bc4e8f931daae{\n-webkit-border-radius:0px 0px 0px 0px;\n-moz-border-radius:0px 0px 0px 0px;\nborder-radius:0px 0px 0px 0px;\npadding:0px 0px 0px 0px;\n}\n<\/style>\n<div  class='flex_column av-av_two_fifth-9c1d454dc06f7247226bc4e8f931daae av_two_fifth  avia-builder-el-5  el_after_av_one_half  avia-builder-el-last  flex_column_div av-zero-column-padding  '     ><style type=\"text\/css\" data-created_by=\"avia_inline_auto\" id=\"style-css-av-av_image-58e105454a93b074e7e3f184d6e19ed7\">\n.avia-image-container.av-av_image-58e105454a93b074e7e3f184d6e19ed7 img.avia_image{\nbox-shadow:none;\n}\n.avia-image-container.av-av_image-58e105454a93b074e7e3f184d6e19ed7 .av-image-caption-overlay-center{\ncolor:#ffffff;\n}\n<\/style>\n<div  class='avia-image-container av-av_image-58e105454a93b074e7e3f184d6e19ed7 av-styling- avia-align-center  avia-builder-el-6  avia-builder-el-no-sibling '   itemprop=\"image\" itemscope=\"itemscope\" itemtype=\"https:\/\/schema.org\/ImageObject\" ><div class=\"avia-image-container-inner\"><div class=\"avia-image-overlay-wrap\"><img decoding=\"async\" class='wp-image-797 avia-img-lazy-loading-not-797 avia_image ' src=\"https:\/\/academysantaclaus.com\/wp-content\/uploads\/2016\/09\/titulos-english.png\" alt='' title=''  height=\"506\" width=\"1028\"  itemprop=\"thumbnailUrl\" srcset=\"https:\/\/academysantaclaus.com\/wp-content\/uploads\/2016\/09\/titulos-english.png 1028w, https:\/\/academysantaclaus.com\/wp-content\/uploads\/2016\/09\/titulos-english-300x148.png 300w, https:\/\/academysantaclaus.com\/wp-content\/uploads\/2016\/09\/titulos-english-768x378.png 768w, https:\/\/academysantaclaus.com\/wp-content\/uploads\/2016\/09\/titulos-english-705x347.png 705w, https:\/\/academysantaclaus.com\/wp-content\/uploads\/2016\/09\/titulos-english-450x221.png 450w\" sizes=\"(max-width: 1028px) 100vw, 1028px\" \/><\/div><\/div><\/div><\/div><\/p>\n","protected":false},"excerpt":{"rendered":"","protected":false},"author":1,"featured_media":0,"parent":0,"menu_order":260,"comment_status":"closed","ping_status":"closed","template":"","meta":[],"_links":{"self":[{"href":"https:\/\/academysantaclaus.com\/zh-hans\/wp-json\/wp\/v2\/pages\/746"}],"collection":[{"href":"https:\/\/academysantaclaus.com\/zh-hans\/wp-json\/wp\/v2\/pages"}],"about":[{"href":"https:\/\/academysantaclaus.com\/zh-hans\/wp-json\/wp\/v2\/types\/page"}],"author":[{"embeddable":true,"href":"https:\/\/academysantaclaus.com\/zh-hans\/wp-json\/wp\/v2\/users\/1"}],"replies":[{"embeddable":true,"href":"https:\/\/academysantaclaus.com\/zh-hans\/wp-json\/wp\/v2\/comments?post=746"}],"version-history":[{"count":2,"href":"https:\/\/academysantaclaus.com\/zh-hans\/wp-json\/wp\/v2\/pages\/746\/revisions"}],"predecessor-version":[{"id":1289,"href":"https:\/\/academysantaclaus.com\/zh-hans\/wp-json\/wp\/v2\/pages\/746\/revisions\/1289"}],"wp:attachment":[{"href":"https:\/\/academysantaclaus.com\/zh-hans\/wp-json\/wp\/v2\/media?parent=746"}],"curies":[{"name":"wp","href":"https:\/\/api.w.org\/{rel}","templated":true}]}}