{"id":756,"date":"2016-11-08T17:00:34","date_gmt":"2016-11-08T15:00:34","guid":{"rendered":"https:\/\/academysantaclaus.com\/zh-hans\/?page_id=756"},"modified":"2018-08-13T20:01:19","modified_gmt":"2018-08-13T18:01:19","slug":"lian-xi-fang-shi","status":"publish","type":"page","link":"https:\/\/academysantaclaus.com\/zh-hans\/lian-xi-fang-shi\/","title":{"rendered":"\u8054\u7cfb\u65b9\u5f0f"},"content":{"rendered":"<div  class='flex_column av-av_one_fifth-2a9015ff38129c418a3f2eafba3e9512 av_one_fifth  avia-builder-el-0  el_before_av_one_third  avia-builder-el-first  first flex_column_div  '     ><\/div>\n\n<style type=\"text\/css\" data-created_by=\"avia_inline_auto\" id=\"style-css-av-av_one_third-9c1d454dc06f7247226bc4e8f931daae\">\n.flex_column.av-av_one_third-9c1d454dc06f7247226bc4e8f931daae{\n-webkit-border-radius:0px 0px 0px 0px;\n-moz-border-radius:0px 0px 0px 0px;\nborder-radius:0px 0px 0px 0px;\npadding:0px 0px 0px 0px;\n}\n<\/style>\n<div  class='flex_column av-av_one_third-9c1d454dc06f7247226bc4e8f931daae av_one_third  avia-builder-el-1  el_after_av_one_fifth  el_before_av_two_fifth  flex_column_div av-zero-column-padding  '     ><\/div>\n\n<style type=\"text\/css\" data-created_by=\"avia_inline_auto\" id=\"style-css-av-av_two_fifth-9c1d454dc06f7247226bc4e8f931daae\">\n.flex_column.av-av_two_fifth-9c1d454dc06f7247226bc4e8f931daae{\n-webkit-border-radius:0px 0px 0px 0px;\n-moz-border-radius:0px 0px 0px 0px;\nborder-radius:0px 0px 0px 0px;\npadding:0px 0px 0px 0px;\n}\n<\/style>\n<div  class='flex_column av-av_two_fifth-9c1d454dc06f7247226bc4e8f931daae av_two_fifth  avia-builder-el-3  el_after_av_one_third  el_before_av_one_full  flex_column_div av-zero-column-padding  '     ><form action=\"https:\/\/academysantaclaus.com\/zh-hans\/lian-xi-fang-shi\/\" method=\"post\" data-fields-with-error=\"Found errors in the following field(s):\" class=\"avia_ajax_form av-form-labels-visible   avia-builder-el-4  avia-builder-el-no-sibling   \" data-avia-form-id=\"1\" data-avia-redirect='' ><h3 class=''>\u8054\u7cfb\u6211\u4eec<\/h3><fieldset><p class='  first_form  form_element form_fullwidth' id='element_avia_1_1'><label for=\"avia_1_1\">\u59d3\u540d <abbr class=\"required\" title=\"required\">*<\/abbr><\/label> <input name=\"avia_1_1\" class=\"text_input is_empty\" type=\"text\" id=\"avia_1_1\" value=\"\" \/><\/p><p class='  first_form  form_element form_fullwidth' id='element_avia_2_1'><label for=\"avia_2_1\">\u7535\u8bdd <abbr class=\"required\" title=\"required\">*<\/abbr><\/label> <input name=\"avia_2_1\" class=\"text_input is_empty\" type=\"text\" id=\"avia_2_1\" value=\"\" \/><\/p><p class='  first_form  form_element form_fullwidth' id='element_avia_3_1'><label for=\"avia_3_1\">\u7535\u5b50\u90ae\u7bb1\u5730\u5740 <abbr class=\"required\" title=\"required\">*<\/abbr><\/label> <input name=\"avia_3_1\" class=\"text_input is_email\" type=\"text\" id=\"avia_3_1\" value=\"\" \/><\/p><p class='  first_form  form_element form_fullwidth' id='element_avia_4_1'><label for=\"avia_4_1\">\u6807\u9898 <abbr class=\"required\" title=\"required\">*<\/abbr><\/label> <input name=\"avia_4_1\" class=\"text_input is_empty\" type=\"text\" id=\"avia_4_1\" value=\"\" \/><\/p><p class='  first_form  form_element form_fullwidth' id='element_avia_5_1'><label for=\"avia_5_1\" class=\"textare_label hidden textare_label_avia_5_1\">\u7559\u8a00 <abbr class=\"required\" title=\"required\">*<\/abbr><\/label><textarea  name=\"avia_5_1\" class=\"text_area is_empty\" cols=\"40\" rows=\"7\" id=\"avia_5_1\" ><\/textarea><\/p><p class='  first_form  form_element form_fullwidth' id='element_avia_6_1'><input  name=\"avia_6_1\" class=\"input_checkbox is_empty\" type=\"checkbox\" id=\"avia_6_1\" value=\"true\"\/><label class=\"input_checkbox_label\" for=\"avia_6_1\"> Consiento el uso de mis datos para los fines indicados en la pol\u00edtica de privacidad \"<a href=\"https:\/\/academysantaclaus.com\/zh-hans\/yin-si-zheng-ce\/\" target=\"_blank\">SUS DATOS SEGUROS<\/a>\". <abbr class=\"required\" title=\"required\">*<\/abbr><\/label><\/p><p class='  first_form  form_element form_fullwidth' id='element_avia_7_1'><input  name=\"avia_7_1\" class=\"input_checkbox \" type=\"checkbox\" id=\"avia_7_1\" value=\"true\"\/><label class=\"input_checkbox_label\" for=\"avia_7_1\">Consiento el uso de mis datos personales para recibir publicidad de su entidad.<\/label><\/p><div id='avia_8_1' class='av-form-text'><\/p>\n<table class=\"fondolila\" style=\"border-collapse: collapse; border: none; background: transparent;\">\n<tbody>\n<tr>\n<td style=\"width: 423.7pt; border: solid windowtext 1.5pt; border-bottom: solid windowtext 1.0pt; padding: 0cm 5.4pt 0cm 5.4pt;\" colspan=\"2\" width=\"706\">\n<p style=\"margin-bottom: .0001pt; text-align: center; line-height: normal;\"><strong>INFORMACI\u00d3N B\u00c1SICA SOBRE PROTECCI\u00d3N DE DATOS<\/strong><\/p>\n<\/td>\n<\/tr>\n<tr>\n<td style=\"width: 211.85pt; border-top: none; border-left: solid windowtext 1.5pt; border-bottom: solid windowtext 1.0pt; border-right: solid windowtext 1.0pt; padding: 0cm 5.4pt 0cm 5.4pt;\" width=\"353\">\n<p style=\"margin-bottom: .0001pt; line-height: normal;\"><strong>Responsable del tratamiento<\/strong><\/p>\n<\/td>\n<td style=\"width: 211.85pt; border-top: none; border-left: none; border-bottom: solid windowtext 1.0pt; border-right: solid windowtext 1.5pt; padding: 0cm 5.4pt 0cm 5.4pt;\" width=\"353\">\n<p style=\"margin-bottom: .0001pt; line-height: normal;\">ACADEMIA SANTA CLAUS S.A.<\/p>\n<\/td>\n<\/tr>\n<tr>\n<td style=\"width: 211.85pt; border-top: none; border-left: solid windowtext 1.5pt; border-bottom: solid windowtext 1.0pt; border-right: solid windowtext 1.0pt; padding: 0cm 5.4pt 0cm 5.4pt;\" width=\"353\">\n<p style=\"margin-bottom: .0001pt; line-height: normal;\"><strong>Direcci\u00f3n del responsable<\/strong><\/p>\n<\/td>\n<td style=\"width: 211.85pt; border-top: none; border-left: none; border-bottom: solid windowtext 1.0pt; border-right: solid windowtext 1.5pt; padding: 0cm 5.4pt 0cm 5.4pt;\" width=\"353\">\n<p style=\"margin-bottom: .0001pt; line-height: normal;\">C\/ Lle\u00f3 XIII, 12, CP 08022, BARCELONA (Barcelona)<\/p>\n<\/td>\n<\/tr>\n<tr>\n<td style=\"width: 211.85pt; border-top: none; border-left: solid windowtext 1.5pt; border-bottom: solid windowtext 1.0pt; border-right: solid windowtext 1.0pt; padding: 0cm 5.4pt 0cm 5.4pt;\" width=\"353\">\n<p style=\"margin-bottom: .0001pt; line-height: normal;\"><strong>Finalidad<\/strong><\/p>\n<\/td>\n<td style=\"width: 211.85pt; border-top: none; border-left: none; border-bottom: solid windowtext 1.0pt; border-right: solid windowtext 1.5pt; padding: 0cm 5.4pt 0cm 5.4pt;\" width=\"353\">\n<p style=\"margin-bottom: .0001pt; line-height: normal;\">Sus datos ser\u00e1n usados para poder atender sus solicitudes y prestarle nuestros servicios.<\/p>\n<\/td>\n<\/tr>\n<tr>\n<td style=\"width: 211.85pt; border-top: none; border-left: solid windowtext 1.5pt; border-bottom: solid windowtext 1.0pt; border-right: solid windowtext 1.0pt; padding: 0cm 5.4pt 0cm 5.4pt;\" width=\"353\">\n<p style=\"margin-bottom: .0001pt; line-height: normal;\"><strong>Publicidad<\/strong><\/p>\n<\/td>\n<td style=\"width: 211.85pt; border-top: none; border-left: none; border-bottom: solid windowtext 1.0pt; border-right: solid windowtext 1.5pt; padding: 0cm 5.4pt 0cm 5.4pt;\" width=\"353\">\n<p style=\"margin-bottom: .0001pt; line-height: normal;\">Solo le enviaremos publicidad con su autorizaci\u00f3n previa, que podr\u00e1 facilitarnos mediante la casilla correspondiente establecida al efecto.<\/p>\n<\/td>\n<\/tr>\n<tr>\n<td style=\"width: 211.85pt; border-top: none; border-left: solid windowtext 1.5pt; border-bottom: solid windowtext 1.0pt; border-right: solid windowtext 1.0pt; padding: 0cm 5.4pt 0cm 5.4pt;\" width=\"353\">\n<p style=\"margin-bottom: .0001pt; line-height: normal;\"><strong>Legitimaci\u00f3n<\/strong><\/p>\n<\/td>\n<td style=\"width: 211.85pt; border-top: none; border-left: none; border-bottom: solid windowtext 1.0pt; border-right: solid windowtext 1.5pt; padding: 0cm 5.4pt 0cm 5.4pt;\" width=\"353\">\n<p style=\"margin-bottom: .0001pt; line-height: normal;\">\u00danicamente trataremos sus datos con su consentimiento previo, que podr\u00e1 facilitarnos mediante la casilla correspondiente establecida al efecto.<\/p>\n<\/td>\n<\/tr>\n<tr>\n<td style=\"width: 211.85pt; border-top: none; border-left: solid windowtext 1.5pt; border-bottom: solid windowtext 1.0pt; border-right: solid windowtext 1.0pt; padding: 0cm 5.4pt 0cm 5.4pt;\" width=\"353\">\n<p style=\"margin-bottom: .0001pt; line-height: normal;\"><strong>Destinatarios<\/strong><\/p>\n<\/td>\n<td style=\"width: 211.85pt; border-top: none; border-left: none; border-bottom: solid windowtext 1.0pt; border-right: solid windowtext 1.5pt; padding: 0cm 5.4pt 0cm 5.4pt;\" width=\"353\">\n<p style=\"margin-bottom: .0001pt; line-height: normal;\">Con car\u00e1cter general, s\u00f3lo el personal de nuestra entidad que est\u00e9 debidamente autorizado podr\u00e1 tener conocimiento de la informaci\u00f3n que le pedimos.<\/p>\n<\/td>\n<\/tr>\n<tr>\n<td style=\"width: 211.85pt; border-top: none; border-left: solid windowtext 1.5pt; border-bottom: solid windowtext 1.0pt; border-right: solid windowtext 1.0pt; padding: 0cm 5.4pt 0cm 5.4pt;\" width=\"353\">\n<p style=\"margin-bottom: .0001pt; line-height: normal;\"><strong>Derechos<\/strong><\/p>\n<\/td>\n<td style=\"width: 211.85pt; border-top: none; border-left: none; border-bottom: solid windowtext 1.0pt; border-right: solid windowtext 1.5pt; padding: 0cm 5.4pt 0cm 5.4pt;\" width=\"353\">\n<p style=\"margin-bottom: .0001pt; line-height: normal;\">Tiene derecho a saber qu\u00e9 informaci\u00f3n tenemos sobre usted, corregirla y eliminarla, tal y como se explica en la informaci\u00f3n adicional disponible en nuestra p\u00e1gina web.<\/p>\n<\/td>\n<\/tr>\n<tr>\n<td style=\"width: 211.85pt; border-top: none; border-left: solid windowtext 1.5pt; border-bottom: solid windowtext 1.5pt; border-right: solid windowtext 1.0pt; padding: 0cm 5.4pt 0cm 5.4pt;\" width=\"353\">\n<p style=\"margin-bottom: .0001pt; line-height: normal;\"><strong>Informaci\u00f3n adicional<\/strong><\/p>\n<\/td>\n<td style=\"width: 211.85pt; border-top: none; border-left: none; border-bottom: solid windowtext 1.5pt; border-right: solid windowtext 1.5pt; padding: 0cm 5.4pt 0cm 5.4pt;\" width=\"353\">\n<p style=\"margin-bottom: .0001pt; line-height: normal;\">M\u00e1s informaci\u00f3n en el apartado <strong>\u201cSUS DATOS SEGUROS\u201d<\/strong> de nuestra p\u00e1gina web.<\/p>\n<\/td>\n<\/tr>\n<\/tbody>\n<\/table>\n<p>\n<\/div><p class=\"hidden\"><input type=\"text\" name=\"avia_9_1\" class=\"hidden \" id=\"avia_9_1\" value=\"\" \/><\/p><p class='   form_element form_fullwidth' id='element_avia_10_1'><span class='value_verifier_label'>6 + 1 = ?<\/span><input name=\"avia_10_1_verifier\" type=\"hidden\" id=\"avia_10_1_verifier\" value=\"575676664\"\/><label for=\"avia_10_1\">\u4e3a\u4e86\u8bc1\u660e\u4e0d\u662f\u5783\u573e\u4fe1\u606f\uff0c\u8bf7\u56de\u7b54\u4ee5\u4e0b\u9898\u76ee <abbr class=\"required\" title=\"required\">*<\/abbr><\/label><input name=\"avia_10_1\" class=\"text_input captcha\" type=\"text\" id=\"avia_10_1\" value=\"\"\/><\/p><p class=\"form_element \"><input type=\"hidden\" value=\"1\" name=\"avia_generated_form1\" \/><input type=\"submit\" value=\"\u53d1\u9001\" class=\"button\"  data-sending-label=\"Sending\"\/><\/p><\/fieldset><\/form><div id=\"ajaxresponse_1\" class=\"ajaxresponse ajaxresponse_1 hidden\"><\/div><\/div>\n<style type=\"text\/css\" data-created_by=\"avia_inline_auto\" id=\"style-css-av-av_one_full-9497bbf8bff73ea4c6992cc17fa9ec36\">\n.flex_column.av-av_one_full-9497bbf8bff73ea4c6992cc17fa9ec36{\n-webkit-border-radius:0px 0px 0px 0px;\n-moz-border-radius:0px 0px 0px 0px;\nborder-radius:0px 0px 0px 0px;\npadding:0px 0px 0px 0px;\n}\n<\/style>\n<div  class='flex_column av-av_one_full-9497bbf8bff73ea4c6992cc17fa9ec36 av_one_full  avia-builder-el-5  el_after_av_two_fifth  avia-builder-el-last  first flex_column_div av-zero-column-padding  '     ><\/div><\/p>\n","protected":false},"excerpt":{"rendered":"","protected":false},"author":1,"featured_media":0,"parent":0,"menu_order":700,"comment_status":"closed","ping_status":"open","template":"","meta":[],"_links":{"self":[{"href":"https:\/\/academysantaclaus.com\/zh-hans\/wp-json\/wp\/v2\/pages\/756"}],"collection":[{"href":"https:\/\/academysantaclaus.com\/zh-hans\/wp-json\/wp\/v2\/pages"}],"about":[{"href":"https:\/\/academysantaclaus.com\/zh-hans\/wp-json\/wp\/v2\/types\/page"}],"author":[{"embeddable":true,"href":"https:\/\/academysantaclaus.com\/zh-hans\/wp-json\/wp\/v2\/users\/1"}],"replies":[{"embeddable":true,"href":"https:\/\/academysantaclaus.com\/zh-hans\/wp-json\/wp\/v2\/comments?post=756"}],"version-history":[{"count":10,"href":"https:\/\/academysantaclaus.com\/zh-hans\/wp-json\/wp\/v2\/pages\/756\/revisions"}],"predecessor-version":[{"id":6633,"href":"https:\/\/academysantaclaus.com\/zh-hans\/wp-json\/wp\/v2\/pages\/756\/revisions\/6633"}],"wp:attachment":[{"href":"https:\/\/academysantaclaus.com\/zh-hans\/wp-json\/wp\/v2\/media?parent=756"}],"curies":[{"name":"wp","href":"https:\/\/api.w.org\/{rel}","templated":true}]}}